{"id":1830,"date":"2021-08-30T17:22:40","date_gmt":"2021-08-30T15:22:40","guid":{"rendered":"https:\/\/www.kardiologie-saalkreis.de\/?page_id=1830"},"modified":"2026-05-08T13:16:10","modified_gmt":"2026-05-08T11:16:10","slug":"anmeldung-test","status":"publish","type":"page","link":"https:\/\/www.kardiologie-saalkreis.de\/?page_id=1830","title":{"rendered":"Anmeldung"},"content":{"rendered":"\n<p>Liebe Kolleginnen, liebe Kollegen, <br><br>wir freuen uns \u00fcber Ihr Interesse an unseren kompakten, hochinformativen und aktuellen Vortr\u00e4gen aus dem Bereich der Kardiologie. <br>Sie haben die M\u00f6glichkeit 10 Fortbildungspunkte der \u00c4rztekammer Sachsen-Anhalt zu erwerben.<br><br>Ihre Petra Schirdewahn und Ihr Professor Daniel Sedding<\/p>\n\n\n\n<p>Bitte melden Sie sich nun an:<\/p>\n\n\n\n<div style=\"display:none\" class=\"fm-form-container fm-theme80\"><div id=\"fm-pages39\" class=\"fm-pages wdform_page_navigation \" show_title=\"\" show_numbers=\"1\" type=\"none\"><\/div><form name=\"form39\" action=\"\/index.php?rest_route=%2Fwp%2Fv2%2Fpages%2F1830\" method=\"post\" id=\"form39\" class=\"fm-form form39  \" enctype=\"multipart\/form-data\"><input type=\"hidden\" id=\"fm_page_id39\" value=\"1830\" name=\"fm_page_id39\" \/><input type=\"hidden\" id=\"fm_current_post_type39\" value=\"page\" name=\"fm_current_post_type39\" \/><input type=\"hidden\" id=\"counter39\" value=\"69\" name=\"counter39\" \/><input type=\"hidden\" id=\"Itemid39\" value=\"\" name=\"Itemid39\" \/><input type=\"hidden\" id=\"fm_shake39\" value=\"1\" name=\"fm_shake39\" \/><input type=\"text\" class=\"fm-hide\" id=\"fm_empty_field_validation39\" value=\"\" name=\"fm_empty_field_validation39\" data-value=\"bd736efb144d599cf463541431fbf5c4\" \/><div class=\"fm-header-bg\"><div class=\"fm-header \"><div class=\"fm-header-text\">          <div class=\"fm-header-title\">            Anmeldung zur Herbsttagung am 06.11.2026          <\/div>          <div class=\"fm-header-description\">                      <\/div>        <\/div><\/div><\/div><div class=\"wdform-page-and-images fm-form-builder\"><div id=\"39form_view1\" class=\"wdform_page\" page_title=\"Untitled page\" next_title=\"Next\" next_type=\"text\" next_class=\"wdform-page-button\" next_checkable=\"true\" previous_title=\"Previous\" previous_type=\"text\" previous_class=\"wdform-page-button\" previous_checkable=\"false\"><div class=\"wdform_section fm-col-1\"><div class=\"wdform_column\"><div wdid=\"11\" class=\"wdform_row\"><div type=\"type_own_select\" class=\"wdform-field wd-width-100 wd-flex wd-flex-column fm-type_own_select\" ><div class=\"wdform-label-section wd-width-100 wdform_select wd-flex-row\">    <label  for=\"wdform_11_element39\" class=\"wdform-label\">Titel<\/label><\/div><div class=\"wdform-element-section wd-flex wdform_select wd-flex-row wd-width-100\" style=\"max-width: 100px;\"><select class=\"wd-width-100\" id=\"wdform_11_element39\" name=\"wdform_11_element39\" ><option value=\"\" selected=\"selected\">kein<\/option><option value=\"Dr.\" >Dr.<\/option><option value=\"Prof.\" >Prof.<\/option><\/select><\/div><\/div><\/div><\/div><div class=\"wdform_column\"><div wdid=\"4\" class=\"wdform_row\"><div type=\"type_name\" class=\"wdform-field wd-width-100 wd-flex wd-flex-column fm-type_name\" ><div class=\"wdform-label-section wd-width-100  wd-flex-row\">    <label  for=\"wdform_4_element_first39\" class=\"wdform-label\">Name<\/label><span class=\"wdform-required\">*<\/span><\/div><div class=\"wdform-element-section wd-flex  wd-flex-row wd-width-100\" ><div class=\"wd-flex wd-flex-column wd-width-50\"><input type=\"text\" class=\"wd-width-100\" id=\"wdform_4_element_first39\" name=\"wdform_4_element_first39\" data-value=\"\" value=\"\" title=\"\" placeholder=\"\"  \/><label class=\"mini_label\" for=\"wdform_4_element_first39\">Vorname<\/label><\/div><div class=\"wd-flex wd-flex-column wd-name-separator\"><\/div><div class=\"wd-flex wd-flex-column wd-width-50\"><input type=\"text\" class=\"wd-width-100\" id=\"wdform_4_element_last39\" name=\"wdform_4_element_last39\" data-value=\"\" value=\"\" title=\"\" placeholder=\"\"  \/><label class=\"mini_label\" for=\"wdform_4_element_last39\">Nachname<\/label><\/div><\/div><\/div><\/div><\/div><div class=\"wdform_column\"><div wdid=\"5\" class=\"wdform_row\"><div type=\"type_address\" class=\"wdform-field wd-width-100 wd-flex wd-flex-column fm-type_address\" ><div class=\"wdform-label-section wd-width-100 wdform_address wd-flex-column\">    <label  for=\"wdform_5_street139\" class=\"wdform-label\">Anschrift<\/label><span class=\"wdform-required\">*<\/span><\/div><div class=\"wdform-element-section wd-flex wdform_address wd-flex-column wd-width-100\" ><span class=\"wd-width-100 wd-address\" id=\"wdform_5_address_0\">                <input class=\"wd-width-100 wdform_5_address_0\" type=\"text\" id=\"wdform_5_street139\" name=\"wdform_5_street139\" value=\"\"  \/>                <label for=\"wdform_5_street139\" class=\"mini_label\">Strasse<\/label><\/span><span class=\"wd-width-100 wd-flex wd-flex-row wd-flex-wrap wd-justify-content\"><span class=\"wd-width-49 wd-address\" id=\"wdform_5_address_2\">                <input class=\"wd-width-100 wdform_5_address_2\" type=\"text\" id=\"wdform_5_city39\" name=\"wdform_7_city39\" value=\"\"  \/>                <label for=\"wdform_5_city39\" class=\"mini_label\">Ort<\/label><\/span><span class=\"wd-width-49 wd-address\" id=\"wdform_5_address_4\">              <input class=\"wd-width-100 wdform_5_address_4\" type=\"text\" id=\"wdform_5_postal39\" name=\"wdform_9_postal39\" value=\"\"  \/>              <label for=\"wdform_5_postal39\" class=\"mini_label\">PLZ<\/label><\/span><\/span><\/div><\/div><\/div><\/div><div class=\"wdform_column\"><div wdid=\"12\" class=\"wdform_row\"><div type=\"type_submitter_mail\" class=\"wdform-field wd-width-100 wd-flex wd-flex-row fm-type_submitter_mail\" ><div class=\"wdform-label-section wd-width-30  wd-flex-row\">    <label  for=\"wdform_12_element39\" class=\"wdform-label\">Email<\/label><span class=\"wdform-required\">*<\/span><\/div><div class=\"wdform-element-section wd-flex  wd-flex-row wd-width-70\" ><input type=\"text\" class=\"wd-width-100\" id=\"wdform_12_element39\" name=\"wdform_12_element39\" data-value=\"\" value=\"\" title=\"\" placeholder=\"\"   onchange=\"wd_check_email('12', '39', 'Dies ist keine g\u00fcltige E-Mail-Adresse.')\" \/><\/div><\/div><\/div><\/div><div class=\"wdform_column\"><div wdid=\"16\" class=\"wdform_row\"><div type=\"type_phone\" class=\"wdform-field wd-width-100 wd-flex wd-flex-row fm-type_phone\" ><div class=\"wdform-label-section wd-width-30  wd-flex-row\">    <label  for=\"wdform_16_element_first39\" class=\"wdform-label\">Telefon<\/label><span class=\"wdform-required\">*<\/span><\/div><div class=\"wdform-element-section wd-flex  wd-flex-row wd-width-70\" ><div class=\"wd-flex wd-flex-column wd-width-20\">                <input type=\"text\" class=\"wd-phone-first\" id=\"wdform_16_element_first39\" name=\"wdform_16_element_first39\" value=\"\" title=\"\" placeholder=\"\" >                <label for=\"wdform_16_element_first39\" class=\"mini_label wd-flex-column\">Vorwahl<\/label>              <\/div>              <div>                <div class=\"wd-flex wd-flex-column \">&nbsp;-&nbsp;<\/div>              <\/div>              <div class=\"wd-flex wd-flex-column wd-width-80\">                <input type=\"text\" class=\"wd-flex-column wd-width-100\" id=\"wdform_16_element_last39\" name=\"wdform_16_element_last39\" value=\"\" title=\"\" placeholder=\"\"  \/>                <label for=\"wdform_16_element_last39\" class=\"wd-flex-column mini_label\">Nummer<\/label>              <\/div><\/div><\/div><\/div><\/div><div class=\"wdform_column\"><div wdid=\"36\" class=\"wdform_row\" style=\"position: relative; left: 0px; top: 0px;\"><div type=\"type_editor\" class=\"wdform-field\"><p><strong>Meine Anmeldung:<\/strong><\/p><\/div><\/div><\/div><div class=\"wdform_column\"><div wdid=\"62\" class=\"wdform_row\"><div type=\"type_checkbox\" class=\"wdform-field wd-width-100 wd-flex wd-flex-row fm-type_checkbox\" ><div class=\"wdform-label-section wd-width-30  wd-flex-wrap wd-flex-column\">    <label  class=\"wdform-label\">Workshops f\u00fcr Assistenzpersonal <\/label><\/div><div class=\"wdform-element-section wd-flex  wd-flex-wrap wd-flex-column wd-width-70\" ><div class=\"wd-flex wd-flex-column\"><input type=\"hidden\" name=\"wdform_62_element39\" value=\"\" \/><div class=\"checkbox-div wd-choice wd-flex wd-flex-row\"><input type=\"checkbox\"  id=\"wdform_62_element390\" name=\"wdform_62_element390\" value=\"Fr. 06.11. 10:00 - 12:00 Uhr\"    \/><label class=\"wd-align-items-center wd-flex wd-flex-row\" for=\"wdform_62_element390\"><span><\/span>Fr. 06.11. 10:00 - 12:00 Uhr<\/label><\/div><\/div><\/div><\/div><\/div><\/div><div class=\"wdform_column\"><div wdid=\"57\" class=\"wdform_row\" style=\"position: relative; left: 0px; top: 0px;\"><div type=\"type_editor\" class=\"wdform-field\"><p><strong>10:00\u201311:00 Uhr Resilienz & mentale Gesundheit im Praxisalltag<br><\/strong>Matthias Lerche (Arzt und Hypnosetherapeut), DER LERCHE & DIE F\u00dcRST<\/p><p><strong>11:00\u201312:00 Uhr\u00a0<\/strong><strong>Effiziente Praxisabl\u00e4ufe: Wie wir uns das Leben leichter machen<\/strong><br>Bianka Edler, Praxisberatung Edler<strong><\/strong><br><\/p><\/div><\/div><\/div><div class=\"wdform_column\"><div wdid=\"32\" class=\"wdform_row\" style=\"position: relative; left: 0px; top: 0px;\"><div type=\"type_checkbox\" class=\"wdform-field wd-width-100 wd-flex wd-flex-row fm-type_checkbox\" ><div class=\"wdform-label-section wd-width-30  wd-flex-wrap wd-flex-column\">    <label  class=\"wdform-label\">Teilnahme an der Tagung<\/label><\/div><div class=\"wdform-element-section wd-flex  wd-flex-wrap wd-flex-column wd-width-70\" ><div class=\"wd-flex wd-flex-column\"><input type=\"hidden\" name=\"wdform_32_element39\" value=\"\" \/><div class=\"checkbox-div wd-choice wd-flex wd-flex-row\"><input type=\"checkbox\"  id=\"wdform_32_element390\" name=\"wdform_32_element390\" value=\"Fr. 06.11. 13:00 - 19:30 Uhr\"    \/><label class=\"wd-align-items-center wd-flex wd-flex-row\" for=\"wdform_32_element390\"><span><\/span>Fr. 06.11. 13:00 - 19:30 Uhr<\/label><\/div><\/div><\/div><\/div><\/div><\/div><div class=\"wdform_column\"><div wdid=\"68\" class=\"wdform_row\"><div type=\"type_editor\" class=\"wdform-field\"><p><em><strong>13:00 Uhr \u00a0Tagung <\/strong><span style=\"font-size: 1rem;\" data-mce-style=\"font-size: 1rem;\"><br><\/span>Moderation: Prof. Dr. Daniel Sedding<\/em><br><em>Mitwirkende: Dr. med. Dawood Wahidi; Dr. med. Anika Heine; Anwar Hanna<\/em><\/p><p><strong>13:00 Uhr Kardiologie Quick Fire<\/strong><span style=\"font-size: 1rem;\"><br>Dr. med. Christina Zigann<\/span><\/p><p><strong>13:30 Uhr\u00a0Personalisierte Medizin beginnt beim Geschlecht: Was Haus\u00e4rzte & Kardiologen wissen sollten<br><\/strong>Prof. Dr. med. Sandra Eifert<\/p><p><strong>14:00 Uhr\u00a0Herzkraft im Fokus: moderne Erkenntnisse zu HFpEF-Diagnostik und Therapie<br><\/strong>Dr. med. Burcin \u00d6z\u00fcyaman<\/p><p><strong>14:30 Uhr\u00a0\u201eEKG \u2013 Aha-Momente\u201c: Was bisher keiner so klar erkl\u00e4rt hat \u2013 EKG verstehen mit einem f\u00fchrenden Experten<br><\/strong>Prof. Dr. med. Carsten Israel<\/p><p>15:00\u201316:00 Uhr \u2013 Kaffeepause<\/p><p><strong>16:00 Uhr\u00a0Herz & Psyche: Warum Therapie erst wirkt, wenn beides stimmt<br><\/strong>Dipl. med. Jana Abitzsch<\/p><p><strong>16:30 Uhr Abnehmspritzen & Herzgesundheit: Chancen, Risiken und Realit\u00e4t<br><\/strong>Prof. Dr. med. Ingolf Schiefke<\/p><p><em><strong>17:00 Uhr \u2013 Hot Topic: Rhythmologie und Innovation<br><\/strong>Moderation: Dr. med. Petra Schirdewahn<\/em><br><em>Mitwirkende: Prof. Dr. med. Konstantin Heinroth; Dr. med. Anke Langbein<\/em><\/p><p><strong>17:00 Uhr\u00a0\u201eHeute behandelt, heute entlassen\u201c \u2013 neue Realit\u00e4t in der interventionellen Rhythmologie<br><\/strong>Prof. Stefan Spitzer<\/p><p><strong>17:30 Uhr\u00a0Mehr Zeit f\u00fcr Patienten? KI als Partner im klinischen Alltag \u2013 oder: Wie Innovation das Gesundheitssystem neu gestaltet<br><\/strong>Bj\u00f6rn Degenkolbe<\/p><p><strong>18:00 Uhr Krankenhaus der Zukunft: smart, vernetzt, patientenzentriert<br><\/strong>Prof. Dr. med. Gerhard Hindricks<\/p><p><strong>18:30 Uhr\u00a0In 6 Schritten zu 100 Lebensjahren \u2013 der Longevity-Kompass<br><\/strong>Dr. Gerd Wirtz<\/p><p><strong>ab 19:30 Uhr Gemeinsame Diskussion und Imbiss<\/strong><br><\/p><\/div><\/div><\/div><div class=\"wdform_column\"><div wdid=\"60\" class=\"wdform_row\" style=\"position: relative; left: 0px; top: 0px;\"><div type=\"type_radio\" class=\"wdform-field wd-width-100 wd-flex wd-flex-column fm-type_radio\" ><div class=\"wdform-label-section wd-width-100  wd-flex-wrap wd-flex-column\">    <label  class=\"wdform-label\">Die Tagungsgeb\u00fchr betr\u00e4gt:<\/label><span class=\"wdform-required\">*<\/span><\/div><div class=\"wdform-element-section wd-flex  wd-flex-wrap wd-flex-column wd-width-100\" ><div class=\"wd-flex wd-flex-column\"><input type=\"hidden\" name=\"wdform_60_element39\" value=\"\" \/><div class=\"radio-div wd-choice wd-flex wd-flex-row\"><input type=\"radio\"  id=\"wdform_60_element390\" name=\"wdform_60_element39\" value=\"80,-\u20ac ... \u00c4rztin \/ Arzt\" onclick=\"set_default(&quot;wdform_60&quot;,&quot;0&quot;,&quot;39&quot;); \"   \/><label class=\"wd-align-items-center wd-flex wd-flex-row\" for=\"wdform_60_element390\"><span><\/span>80,-\u20ac ... \u00c4rztin \/ Arzt<\/label><\/div><div class=\"radio-div wd-choice wd-flex wd-flex-row\"><input type=\"radio\"  id=\"wdform_60_element391\" name=\"wdform_60_element39\" value=\"25,-\u20ac  ... Assistenzpersonal \/ Studenten\" onclick=\"set_default(&quot;wdform_60&quot;,&quot;1&quot;,&quot;39&quot;); \"   \/><label class=\"wd-align-items-center wd-flex wd-flex-row\" for=\"wdform_60_element391\"><span><\/span>25,-\u20ac  ... Assistenzpersonal \/ Studenten<\/label><\/div><\/div><\/div><\/div><\/div><\/div><div class=\"wdform_column\"><div wdid=\"65\" class=\"wdform_row\" style=\"position: relative; left: 0px; top: 0px;\"><div type=\"type_radio\" class=\"wdform-field wd-width-100 wd-flex wd-flex-column fm-type_radio\" ><div class=\"wdform-label-section wd-width-100  wd-flex-wrap wd-flex-column\">    <label  class=\"wdform-label\">Teilnahme an der Abendveranstaltung  (Unkostenbeitrag i.H.v. 25,-\u20ac zus\u00e4tzlich zur Tagungsgeb\u00fchr)<\/label><span class=\"wdform-required\">*<\/span><\/div><div class=\"wdform-element-section wd-flex  wd-flex-wrap wd-flex-column wd-width-100\" ><div class=\"wd-flex wd-flex-column\"><input type=\"hidden\" name=\"wdform_65_element39\" value=\"\" \/><div class=\"radio-div wd-choice wd-flex wd-flex-row\"><input type=\"radio\"  id=\"wdform_65_element390\" name=\"wdform_65_element39\" value=\"Ja\" onclick=\"set_default(&quot;wdform_65&quot;,&quot;0&quot;,&quot;39&quot;); \"   \/><label class=\"wd-align-items-center wd-flex wd-flex-row\" for=\"wdform_65_element390\"><span><\/span>Ja<\/label><\/div><div class=\"radio-div wd-choice wd-flex wd-flex-row\"><input type=\"radio\"  id=\"wdform_65_element391\" name=\"wdform_65_element39\" value=\"Nein\" onclick=\"set_default(&quot;wdform_65&quot;,&quot;1&quot;,&quot;39&quot;); \"   \/><label class=\"wd-align-items-center wd-flex wd-flex-row\" for=\"wdform_65_element391\"><span><\/span>Nein<\/label><\/div><\/div><\/div><\/div><\/div><\/div><div class=\"wdform_column\"><div wdid=\"30\" class=\"wdform_row\"><div type=\"type_textarea\" class=\"wdform-field wd-width-100 wd-flex wd-flex-column fm-type_textarea\" ><div class=\"wdform-label-section wd-width-100 \">    <label  for=\"wdform_30_element39\" class=\"wdform-label\">Ihre Hinweise  <\/label><\/div><div class=\"wdform-element-section wd-flex  wd-width-100\" ><textarea class=\"wd-width-100\"                      id=\"wdform_30_element39\"                      name=\"wdform_30_element39\"                      placeholder=\"\"                      data-value=\"\"                      maxlength=\"\"                      style=\"height: 100px;\"                      ><\/textarea><\/div><\/div><\/div><\/div><div class=\"wdform_column\"><div wdid=\"1\" class=\"wdform_row\"><div type=\"type_submit_reset\" class=\"wdform-field wd-width-100 wd-flex wd-flex-column fm-type_submit_reset\" ><div class=\"wdform-element-section wd-flex  wd-flex-row wd-justify-content-right wd-width-100\" ><button  type=\"button\" class=\"button-submit\" onclick=\"fm_submit_form('39');\"  data-ajax=\"0\"><span class=\"fm-submit-loading spinner fm-ico-spinner\"><\/span>Anmeldung absenden<\/button><button  type=\"button\" class=\"button-reset wd-hidden\" onclick=\"fm_reset_form(39);\" >Reset<\/button><\/div><\/div><\/div><\/div><\/div><div valign=\"top\" class=\"wdform_footer wd-width-100\"><div class=\"wd-width-100\"><div class=\"wd-width-100 wd-table\" style=\"padding-top:10px;\"><div class=\"wd-table-group\"><div id=\"39page_nav1\" class=\"wd-table-row\"><\/div><\/div><\/div><\/div><\/div><\/div><\/div><div class=\"wdform_preload\"><\/div><input type=\"hidden\" name=\"fm-current-page\" value=\"https:\/\/www.kardiologie-saalkreis.de\/index.php?rest_route=%2Fwp%2Fv2%2Fpages%2F1830\" \/><\/form><\/div>\n","protected":false},"excerpt":{"rendered":"<p>Liebe Kolleginnen, liebe Kollegen, wir freuen uns \u00fcber Ihr Interesse an unseren kompakten, hochinformativen und aktuellen Vortr\u00e4gen aus dem Bereich der Kardiologie. Sie haben die M\u00f6glichkeit 10 Fortbildungspunkte der \u00c4rztekammer Sachsen-Anhalt zu erwerben. Ihre Petra Schirdewahn und Ihr Professor Daniel Sedding Bitte melden Sie sich nun an:<\/p>\n","protected":false},"author":2,"featured_media":0,"parent":1038,"menu_order":0,"comment_status":"closed","ping_status":"closed","template":"page-templates\/full-width.php","meta":{"footnotes":""},"_links":{"self":[{"href":"https:\/\/www.kardiologie-saalkreis.de\/index.php?rest_route=\/wp\/v2\/pages\/1830"}],"collection":[{"href":"https:\/\/www.kardiologie-saalkreis.de\/index.php?rest_route=\/wp\/v2\/pages"}],"about":[{"href":"https:\/\/www.kardiologie-saalkreis.de\/index.php?rest_route=\/wp\/v2\/types\/page"}],"author":[{"embeddable":true,"href":"https:\/\/www.kardiologie-saalkreis.de\/index.php?rest_route=\/wp\/v2\/users\/2"}],"replies":[{"embeddable":true,"href":"https:\/\/www.kardiologie-saalkreis.de\/index.php?rest_route=%2Fwp%2Fv2%2Fcomments&post=1830"}],"version-history":[{"count":10,"href":"https:\/\/www.kardiologie-saalkreis.de\/index.php?rest_route=\/wp\/v2\/pages\/1830\/revisions"}],"predecessor-version":[{"id":3037,"href":"https:\/\/www.kardiologie-saalkreis.de\/index.php?rest_route=\/wp\/v2\/pages\/1830\/revisions\/3037"}],"up":[{"embeddable":true,"href":"https:\/\/www.kardiologie-saalkreis.de\/index.php?rest_route=\/wp\/v2\/pages\/1038"}],"wp:attachment":[{"href":"https:\/\/www.kardiologie-saalkreis.de\/index.php?rest_route=%2Fwp%2Fv2%2Fmedia&parent=1830"}],"curies":[{"name":"wp","href":"https:\/\/api.w.org\/{rel}","templated":true}]}}