{"id":2092,"date":"2021-11-08T14:56:02","date_gmt":"2021-11-08T12:56:02","guid":{"rendered":"https:\/\/www.kardiologie-saalkreis.de\/?page_id=2092"},"modified":"2024-05-29T19:34:09","modified_gmt":"2024-05-29T17:34:09","slug":"was-benoetige-ich-fuer-unterlagen-beim-kardiologen","status":"publish","type":"page","link":"https:\/\/www.kardiologie-saalkreis.de\/?page_id=2092","title":{"rendered":"h\u00e4ufig gestellte Fragen und Antworten"},"content":{"rendered":"\n<p><mark style=\"background-color:rgba(0, 0, 0, 0);color:#a30004\" class=\"has-inline-color\">Was f\u00fcr Unterlagen ben\u00f6tige ich, wenn ich einen Termin habe?<\/mark><\/p>\n\n\n\n<ul>\n<li>aktuelle und aussagekr\u00e4ftige&nbsp;<strong>\u00dcberweisung&nbsp;<\/strong>vom Hausarzt<\/li>\n\n\n\n<li>aktuellen bundeseinheitlichen&nbsp;<strong>Medikamentenplan<\/strong><\/li>\n\n\n\n<li>aktuelle&nbsp;<strong>Laborwerte&nbsp;<\/strong>( Leber, Fette, Niere und Blutbild)<\/li>\n\n\n\n<li>Vorbefunde, falls welche vorhanden sind<\/li>\n<\/ul>\n\n\n\n<p><mark style=\"background-color:rgba(0, 0, 0, 0);color:#a30004\" class=\"has-inline-color\">Wo finde ich Hilfe zu Doctolib?<\/mark><\/p>\n\n\n\n<ul>\n<li><a href=\"https:\/\/doctolibpatient.zendesk.com\/hc\/de\" target=\"_blank\" rel=\"noreferrer noopener\">Hilfeportal f\u00fcr alle Fragen zu Doctolib<\/a><\/li>\n\n\n\n<li><a href=\"https:\/\/doctolibpatient.zendesk.com\/hc\/de\/articles\/360025470433-Ein-Doctolib-Konto-erstellen?source=pinned_article\" target=\"_blank\" rel=\"noreferrer noopener\">So richten Sie Ihr Nutzerkonto bei Doctolib ein<\/a><\/li>\n\n\n\n<li><a href=\"https:\/\/doctolibpatient.zendesk.com\/hc\/de\/articles\/5646177717916-Ein-neues-Dokument-in-Meine-Dokumente-hochladen\" target=\"_blank\" rel=\"noreferrer noopener\">So laden Sie Dokumente in &#8222;Meine Dokumente&#8220; hoch<\/a><\/li>\n\n\n\n<li><a href=\"https:\/\/doctolibpatient.zendesk.com\/hc\/de\/articles\/360013355219-Voraussetzungen-f\u00fcr-die-Videosprechstunde\" target=\"_blank\" rel=\"noreferrer noopener\">Voraussetzungen f\u00fcr die Durchf\u00fchrung einer Videosprechstunde<\/a><\/li>\n\n\n\n<li><a href=\"https:\/\/doctolibpatient.zendesk.com\/hc\/de\/articles\/360013328460-Wie-starte-ich-die-Videosprechstunde\" target=\"_blank\" rel=\"noreferrer noopener\">So starten Sie die Videosprechstunde<\/a><\/li>\n<\/ul>\n\n\n\n<p><mark style=\"background-color:rgba(0, 0, 0, 0);color:#a30004\" class=\"has-inline-color\">Was ist ein bundeseinheitlicher Medikamentenplan?<\/mark><\/p>\n\n\n\n<ul>\n<li>Der BMP ist ein einheitlicher, standardisierter, \u00fcbersichtlicher und patientenverst\u00e4ndlicher&nbsp;Medikamentenplan<\/li>\n\n\n\n<li>Durch den QR-Code ist es den Arztpraxen m\u00f6glich, diesen unkompliziert einzulesen.<\/li>\n\n\n\n<li>Seit Oktober 2016 ist dieser verf\u00fcgbar, bitte erkundigen Sie sich in Ihrer Hausarztpraxis!<\/li>\n\n\n\n<li><a href=\"http:\/\/www.kardiologie-saalkreis.de\/wp-content\/uploads\/2021\/11\/Beispiel_BMP_2018.pdf\" target=\"_blank\" rel=\"noreferrer noopener\">Beispiel<\/a><\/li>\n<\/ul>\n\n\n\n<p><mark style=\"background-color:rgba(0, 0, 0, 0);color:#a30004\" class=\"has-inline-color\">Ist eine \u00dcberweisung Quartals-\u00fcbergreifend?<\/mark><\/p>\n\n\n\n<ul>\n<li>Ja, maximal 1 Quartal<\/li>\n<\/ul>\n\n\n\n<p><mark style=\"background-color:rgba(0, 0, 0, 0);color:#a30009\" class=\"has-inline-color\">Wie lange ist ein Rezept nach Ausstellung g\u00fcltig?<\/mark><\/p>\n\n\n\n<ul>\n<li><mark style=\"background-color:rgba(0, 0, 0, 0);color:#a30000\" class=\"has-inline-color\">rotes<\/mark> Rezept&nbsp;(Kassenrezept):&nbsp;<strong>28 Tage<\/strong>&nbsp;nach Ausstellung<\/li>\n\n\n\n<li><mark style=\"background-color:rgba(0, 0, 0, 0);color:#0001a3\" class=\"has-inline-color\">blaues<\/mark> Rezept&nbsp;(privat Rezept):&nbsp;<strong>3 Monate<\/strong>&nbsp;nach Ausstellung<\/li>\n\n\n\n<li><mark style=\"background-color:rgba(0, 0, 0, 0);color:#10a300\" class=\"has-inline-color\">gr\u00fcnes<\/mark> Rezept&nbsp;(privat Rezept):&nbsp;<strong>unbegrenzt g\u00fcltig<\/strong>\n<ul>\n<li>Empfehlung vom Arzt f\u00fcr ein Medikament<\/li>\n<\/ul>\n<\/li>\n<\/ul>\n\n\n\n<p><mark style=\"background-color:rgba(0, 0, 0, 0);color:#a30009\" class=\"has-inline-color\">In welcher Krankenkasse muss ich sein, um an der Psychokardiologie teilnehmen zu k\u00f6nnen?<\/mark><\/p>\n\n\n\n<ul>\n<li>IKK gesund plus<\/li>\n\n\n\n<li>AOK Sachsen Anhalt<\/li>\n\n\n\n<li>TKK<\/li>\n<\/ul>\n\n\n\n<p><mark style=\"background-color:rgba(0, 0, 0, 0);color:#a30012\" class=\"has-inline-color\">Was muss ich beim Tragen von einem Langzeit-EKG (LZ-EKG) beachten?<\/mark><\/p>\n\n\n\n<ul>\n<li>nicht duschen, nicht baden<\/li>\n\n\n\n<li>normale Alltagsbelastung<\/li>\n\n\n\n<li>Protokollf\u00fchrung<\/li>\n\n\n\n<li>Geben Sie das Ger\u00e4t am Folgetag bis sp\u00e4testens 8.30 Uhr ab. Das ist auch durch eine andere Person m\u00f6glich.<\/li>\n\n\n\n<li>falls eine Elektrode ab geht, erhalten Sie Ersatz-Elektroden&nbsp;<\/li>\n<\/ul>\n\n\n\n<p><mark style=\"background-color:rgba(0, 0, 0, 0);color:#a30004\" class=\"has-inline-color\">Was muss ich beim Tragen von einem Kombi-Ger\u00e4t ( LZ EKG + LZ-RR ) beachten?<\/mark><\/p>\n\n\n\n<ul>\n<li>nicht duschen, nicht baden<\/li>\n\n\n\n<li>normale Alltagsbelastung<\/li>\n\n\n\n<li>Protokollf\u00fchrung<\/li>\n\n\n\n<li>Geben Sie das Ger\u00e4t am Folgetag bis sp\u00e4testens 8.30 Uhr ab. Das ist auch durch eine andere Person m\u00f6glich.<\/li>\n\n\n\n<li>Die Manschette sollte m\u00f6glichst nicht verrutschen.<\/li>\n\n\n\n<li>Wenn die Manschette misst, lassen Sie den Arm locker und entspannt h\u00e4ngen.<\/li>\n\n\n\n<li>Schalten Sie das Ger\u00e4t am Folgetag vor der Abnahme aus.<\/li>\n<\/ul>\n\n\n\n<p><mark style=\"background-color:rgba(0, 0, 0, 0);color:#a30004\" class=\"has-inline-color\">Was kann ich machen, wenn der BEAM\/Ereignisrekorder rot blinkt?<\/mark><\/p>\n\n\n\n<ul>\n<li>Versuchen Sie es mit einem Batteriewechsel.<\/li>\n\n\n\n<li>Wenn das Problem weiterhin besteht, ist die maximale Aufzeichnungsmenge erreicht. Wenden Sie sich dann bitte an uns.<\/li>\n<\/ul>\n\n\n\n<p><mark style=\"background-color:rgba(0, 0, 0, 0);color:#a30009\" class=\"has-inline-color\">Wieviel Tage vor einer Operation muss ich meinen Blutverd\u00fcnner pausieren?<\/mark><\/p>\n\n\n\n<ul>\n<li>F\u00fcr OAK-Medikamente (Eliquis, Lixiana Pradaxa) gilt:\n<ul>\n<li>prinzipiell 24 Stunden vorher bzw. nur am Untersuchungstag pausieren<\/li>\n<\/ul>\n<\/li>\n\n\n\n<li>F\u00fcr Falithrom und Marcumar ist der INR-Wert entscheidend (Zielwert: 2-2,5)<\/li>\n\n\n\n<li>Halten Sie jedoch vor jedem operativen Eingriff, R\u00fccksprache mit Ihrem behandelnden Arzt.<\/li>\n<\/ul>\n\n\n\n<p><mark style=\"background-color:rgba(0, 0, 0, 0);color:#a30009\" class=\"has-inline-color\">Sie m\u00f6chten einen Termin f\u00fcr die j\u00e4hrliche Kontrolle bei uns vereinbaren oder einen Termin verschieben?<\/mark><\/p>\n\n\n\n<ul>\n<li>nutzen Sie bitte unser <a href=\"https:\/\/www.kardiologie-saalkreis.de\/?page_id=865\" data-type=\"URL\" data-id=\"https:\/\/www.kardiologie-saalkreis.de\/?page_id=865\" target=\"_blank\" rel=\"noreferrer noopener\">Kontaktformular<\/a>, wir werden uns so schnell wie m\u00f6glich mit Ihnen in Verbindung setzen.<\/li>\n<\/ul>\n","protected":false},"excerpt":{"rendered":"<p>Was f\u00fcr Unterlagen ben\u00f6tige ich, wenn ich einen Termin habe? Wo finde ich Hilfe zu Doctolib? Was ist ein bundeseinheitlicher Medikamentenplan? Ist eine \u00dcberweisung Quartals-\u00fcbergreifend? Wie lange ist ein Rezept nach Ausstellung g\u00fcltig? In welcher Krankenkasse muss ich sein, um an der Psychokardiologie teilnehmen zu k\u00f6nnen? Was muss ich beim Tragen von einem Langzeit-EKG (LZ-EKG) [&hellip;]<\/p>\n","protected":false},"author":2,"featured_media":909,"parent":283,"menu_order":0,"comment_status":"closed","ping_status":"closed","template":"page-templates\/full-width.php","meta":{"footnotes":""},"_links":{"self":[{"href":"https:\/\/www.kardiologie-saalkreis.de\/index.php?rest_route=\/wp\/v2\/pages\/2092"}],"collection":[{"href":"https:\/\/www.kardiologie-saalkreis.de\/index.php?rest_route=\/wp\/v2\/pages"}],"about":[{"href":"https:\/\/www.kardiologie-saalkreis.de\/index.php?rest_route=\/wp\/v2\/types\/page"}],"author":[{"embeddable":true,"href":"https:\/\/www.kardiologie-saalkreis.de\/index.php?rest_route=\/wp\/v2\/users\/2"}],"replies":[{"embeddable":true,"href":"https:\/\/www.kardiologie-saalkreis.de\/index.php?rest_route=%2Fwp%2Fv2%2Fcomments&post=2092"}],"version-history":[{"count":19,"href":"https:\/\/www.kardiologie-saalkreis.de\/index.php?rest_route=\/wp\/v2\/pages\/2092\/revisions"}],"predecessor-version":[{"id":2858,"href":"https:\/\/www.kardiologie-saalkreis.de\/index.php?rest_route=\/wp\/v2\/pages\/2092\/revisions\/2858"}],"up":[{"embeddable":true,"href":"https:\/\/www.kardiologie-saalkreis.de\/index.php?rest_route=\/wp\/v2\/pages\/283"}],"wp:featuredmedia":[{"embeddable":true,"href":"https:\/\/www.kardiologie-saalkreis.de\/index.php?rest_route=\/wp\/v2\/media\/909"}],"wp:attachment":[{"href":"https:\/\/www.kardiologie-saalkreis.de\/index.php?rest_route=%2Fwp%2Fv2%2Fmedia&parent=2092"}],"curies":[{"name":"wp","href":"https:\/\/api.w.org\/{rel}","templated":true}]}}