{"id":2436,"date":"2023-01-05T12:17:58","date_gmt":"2023-01-05T10:17:58","guid":{"rendered":"https:\/\/www.kardiologie-saalkreis.de\/?page_id=2436"},"modified":"2023-08-14T12:05:23","modified_gmt":"2023-08-14T10:05:23","slug":"zuweiser-aerzte","status":"publish","type":"page","link":"https:\/\/www.kardiologie-saalkreis.de\/?page_id=2436","title":{"rendered":""},"content":{"rendered":"\n<p><\/p>\n\n\n\n<div style=\"display:none\" class=\"fm-form-container fm-theme80\"><div id=\"fm-pages32\" class=\"fm-pages wdform_page_navigation \" show_title=\"\" show_numbers=\"1\" type=\"none\"><\/div><form name=\"form32\" action=\"\/index.php?rest_route=%2Fwp%2Fv2%2Fpages%2F2436\" method=\"post\" id=\"form32\" class=\"fm-form form32  \" enctype=\"multipart\/form-data\"><input type=\"hidden\" id=\"fm_page_id32\" value=\"2436\" name=\"fm_page_id32\" \/><input type=\"hidden\" id=\"fm_current_post_type32\" value=\"page\" name=\"fm_current_post_type32\" \/><input type=\"hidden\" id=\"counter32\" value=\"53\" name=\"counter32\" \/><input type=\"hidden\" id=\"Itemid32\" value=\"\" name=\"Itemid32\" \/><input type=\"hidden\" id=\"fm_shake32\" value=\"1\" name=\"fm_shake32\" \/><input type=\"text\" class=\"fm-hide\" id=\"fm_empty_field_validation32\" value=\"\" name=\"fm_empty_field_validation32\" data-value=\"bd736efb144d599cf463541431fbf5c4\" \/><div class=\"fm-header-bg\"><div class=\"fm-header \"><div class=\"fm-header-text\">          <div class=\"fm-header-title\">            Formular f\u00fcr \u00e4rztliche Zuweiser          <\/div>          <div class=\"fm-header-description\">                      <\/div>        <\/div><\/div><\/div><div class=\"wdform-page-and-images fm-form-builder\"><div id=\"32form_view1\" class=\"wdform_page\" page_title=\"Untitled page\" next_title=\"Next\" next_type=\"text\" next_class=\"wdform-page-button\" next_checkable=\"true\" previous_title=\"Previous\" previous_type=\"text\" previous_class=\"wdform-page-button\" previous_checkable=\"false\"><div class=\"wdform_section\"><div class=\"wdform_column\"><div wdid=\"42\" class=\"wdform_row\" style=\"position: relative; left: 0px; top: 0px;\"><div type=\"type_editor\" class=\"wdform-field\"><p>Rufnummer der Kardiologischen Praxis Dr. Petra Schirdewahn <span style=\"text-decoration: underline;\" data-mce-style=\"text-decoration: underline;\">ausschliesslich zur Benutzung f\u00fcr \u00e4rztliche Kolleginnen und Kollegen<\/span>: 034609 149208.<br><br><span style=\"text-decoration: underline;\" data-mce-style=\"text-decoration: underline;\"><strong><span style=\"font-size: 1rem;\" data-mce-style=\"font-size: 1rem;\">Angaben zur Patientin \/ zum Patienten<\/span><span style=\"font-size: 1rem;\" data-mce-style=\"font-size: 1rem;\"><\/span><\/strong><\/span><\/p><\/div><\/div><\/div><div class=\"wdform_column\"><div wdid=\"37\" class=\"wdform_row\"><div type=\"type_radio\" class=\"wdform-field wd-width-100 wd-flex wd-flex-column fm-type_radio\" ><div class=\"wdform-label-section wd-width-100  wd-flex-wrap wd-flex-column\">    <label  class=\"wdform-label\">Der zugewiesene Patient ist bereits Patientin bzw. Patient in Ihrer kardiologischen Praxis<\/label><\/div><div class=\"wdform-element-section wd-flex  wd-flex-wrap wd-flex-column wd-width-100\" ><div class=\"wd-flex wd-flex-column\"><input type=\"hidden\" name=\"wdform_37_element32\" value=\"\" \/><div class=\"radio-div wd-choice wd-flex wd-flex-row\"><input type=\"radio\"  id=\"wdform_37_element320\" name=\"wdform_37_element32\" value=\"Ja\" onclick=\"set_default(&quot;wdform_37&quot;,&quot;0&quot;,&quot;32&quot;); \"   \/><label class=\"wd-align-items-center wd-flex wd-flex-row\" for=\"wdform_37_element320\"><span><\/span>Ja<\/label><\/div><div class=\"radio-div wd-choice wd-flex wd-flex-row\"><input type=\"radio\"  id=\"wdform_37_element321\" name=\"wdform_37_element32\" value=\"Nein\" onclick=\"set_default(&quot;wdform_37&quot;,&quot;1&quot;,&quot;32&quot;); \"   \/><label class=\"wd-align-items-center wd-flex wd-flex-row\" for=\"wdform_37_element321\"><span><\/span>Nein<\/label><\/div><\/div><\/div><\/div><\/div><\/div><div class=\"wdform_column\"><div wdid=\"2\" class=\"wdform_row\"><div type=\"type_name\" class=\"wdform-field wd-width-100 wd-flex wd-flex-column fm-type_name\" ><div class=\"wdform-label-section wd-width-100  wd-flex-row\">    <label  for=\"wdform_2_element_first32\" class=\"wdform-label\">Vorname und Name des Patienten \/ der Patientin<\/label><span class=\"wdform-required\">*<\/span><\/div><div class=\"wdform-element-section wd-flex  wd-flex-row wd-width-100\" ><div class=\"wd-flex wd-flex-column wd-width-50\"><input type=\"text\" class=\"wd-width-100\" id=\"wdform_2_element_first32\" name=\"wdform_2_element_first32\" data-value=\"\" value=\"\" title=\"\" placeholder=\"\"  \/><label class=\"mini_label\" for=\"wdform_2_element_first32\">Vorname<\/label><\/div><div class=\"wd-flex wd-flex-column wd-name-separator\"><\/div><div class=\"wd-flex wd-flex-column wd-width-50\"><input type=\"text\" class=\"wd-width-100\" id=\"wdform_2_element_last32\" name=\"wdform_2_element_last32\" data-value=\"\" value=\"\" title=\"\" placeholder=\"\"  \/><label class=\"mini_label\" for=\"wdform_2_element_last32\">Nachname<\/label><\/div><\/div><\/div><\/div><\/div><div class=\"wdform_column\"><div wdid=\"3\" class=\"wdform_row\"><div type=\"type_date_fields\" class=\"wdform-field wd-width-100 wd-flex wd-flex-column fm-type_date_fields\" ><div class=\"wdform-label-section wd-width-100 wdform_date_fields wd-flex-row\">    <label  for=\"wdform_3_day32\" class=\"wdform-label\">Patienten-Geburtsdatum<\/label><span class=\"wdform-required\">*<\/span><\/div><div class=\"wdform-element-section wd-flex wdform_date_fields wd-flex-row wd-width-100\" ><div class=\"wd-flex wd-flex-row wd-width-100 wd-align-items\"><div class=\"wd-flex wd-flex-column\"><select id=\"wdform_3_day32\" name=\"wdform_3_day32\" class=\"wdform_select_day\" style=\"width: 60px;\" ><option value=\"\"><\/option><option value=\"01\" >01<\/option><option value=\"02\" >02<\/option><option value=\"03\" >03<\/option><option value=\"04\" >04<\/option><option value=\"05\" >05<\/option><option value=\"06\" >06<\/option><option value=\"07\" >07<\/option><option value=\"08\" >08<\/option><option value=\"09\" >09<\/option><option value=\"10\" >10<\/option><option value=\"11\" >11<\/option><option value=\"12\" >12<\/option><option value=\"13\" >13<\/option><option value=\"14\" >14<\/option><option value=\"15\" >15<\/option><option value=\"16\" >16<\/option><option value=\"17\" >17<\/option><option value=\"18\" >18<\/option><option value=\"19\" >19<\/option><option value=\"20\" >20<\/option><option value=\"21\" >21<\/option><option value=\"22\" >22<\/option><option value=\"23\" >23<\/option><option value=\"24\" >24<\/option><option value=\"25\" >25<\/option><option value=\"26\" >26<\/option><option value=\"27\" >27<\/option><option value=\"28\" >28<\/option><option value=\"29\" >29<\/option><option value=\"30\" >30<\/option><option value=\"31\" >31<\/option><\/select><label for=\"wdform_3_day32\" class=\"mini_label\">Tag<\/label><\/div><span class=\"wdform_separator\">&nbsp;\/&nbsp;<\/span><div class=\"wd-flex wd-flex-column\"><select id=\"wdform_3_month32\" name=\"wdform_3_month32\" class=\"wdform_select_month\" style=\"width: 100px;\" ><option value=\"\"><\/option><option value=\"01\"   >Januar<\/option><option value=\"02\" >Februar<\/option><option value=\"03\" >M\u00e4rz<\/option><option value=\"04\"  >April<\/option><option value=\"05\"  >Mai<\/option><option value=\"06\"  >Juni<\/option><option value=\"07\"  >Juli<\/option><option value=\"08\"  >August<\/option><option value=\"09\"  >September<\/option><option value=\"10\"  >Oktober<\/option><option value=\"11\" >November<\/option><option value=\"12\"  >Dezember<\/option><\/select><label for=\"wdform_3_month32\" class=\"mini_label\">Monat<\/label><\/div><span class=\"wdform_separator\">&nbsp;\/&nbsp;<\/span><div class=\"wd-flex wd-flex-column\"><select id=\"wdform_3_year32\" name=\"wdform_3_year32\"  from=\"1901\" to=\"2022\" class=\"wdform_select_year\" style=\"width: 80px;\" ><option value=\"\"><\/option><option value=\"2022\" >2022<\/option><option value=\"2021\" >2021<\/option><option value=\"2020\" >2020<\/option><option value=\"2019\" >2019<\/option><option value=\"2018\" >2018<\/option><option value=\"2017\" >2017<\/option><option value=\"2016\" >2016<\/option><option value=\"2015\" >2015<\/option><option value=\"2014\" >2014<\/option><option value=\"2013\" >2013<\/option><option value=\"2012\" >2012<\/option><option value=\"2011\" >2011<\/option><option value=\"2010\" >2010<\/option><option value=\"2009\" >2009<\/option><option value=\"2008\" >2008<\/option><option value=\"2007\" >2007<\/option><option value=\"2006\" >2006<\/option><option value=\"2005\" >2005<\/option><option value=\"2004\" >2004<\/option><option value=\"2003\" >2003<\/option><option value=\"2002\" >2002<\/option><option value=\"2001\" >2001<\/option><option value=\"2000\" >2000<\/option><option value=\"1999\" >1999<\/option><option value=\"1998\" >1998<\/option><option value=\"1997\" >1997<\/option><option value=\"1996\" >1996<\/option><option value=\"1995\" >1995<\/option><option value=\"1994\" >1994<\/option><option value=\"1993\" >1993<\/option><option value=\"1992\" >1992<\/option><option value=\"1991\" >1991<\/option><option value=\"1990\" >1990<\/option><option value=\"1989\" >1989<\/option><option value=\"1988\" >1988<\/option><option value=\"1987\" >1987<\/option><option value=\"1986\" >1986<\/option><option value=\"1985\" >1985<\/option><option value=\"1984\" >1984<\/option><option value=\"1983\" >1983<\/option><option value=\"1982\" >1982<\/option><option value=\"1981\" >1981<\/option><option value=\"1980\" >1980<\/option><option value=\"1979\" >1979<\/option><option value=\"1978\" >1978<\/option><option value=\"1977\" >1977<\/option><option value=\"1976\" >1976<\/option><option value=\"1975\" >1975<\/option><option value=\"1974\" >1974<\/option><option value=\"1973\" >1973<\/option><option value=\"1972\" >1972<\/option><option value=\"1971\" >1971<\/option><option value=\"1970\" >1970<\/option><option value=\"1969\" >1969<\/option><option value=\"1968\" >1968<\/option><option value=\"1967\" >1967<\/option><option value=\"1966\" >1966<\/option><option value=\"1965\" >1965<\/option><option value=\"1964\" >1964<\/option><option value=\"1963\" >1963<\/option><option value=\"1962\" >1962<\/option><option value=\"1961\" >1961<\/option><option value=\"1960\" >1960<\/option><option value=\"1959\" >1959<\/option><option value=\"1958\" >1958<\/option><option value=\"1957\" >1957<\/option><option value=\"1956\" >1956<\/option><option value=\"1955\" >1955<\/option><option value=\"1954\" >1954<\/option><option value=\"1953\" >1953<\/option><option value=\"1952\" >1952<\/option><option value=\"1951\" >1951<\/option><option value=\"1950\" >1950<\/option><option value=\"1949\" >1949<\/option><option value=\"1948\" >1948<\/option><option value=\"1947\" >1947<\/option><option value=\"1946\" >1946<\/option><option value=\"1945\" >1945<\/option><option value=\"1944\" >1944<\/option><option value=\"1943\" >1943<\/option><option value=\"1942\" >1942<\/option><option value=\"1941\" >1941<\/option><option value=\"1940\" >1940<\/option><option value=\"1939\" >1939<\/option><option value=\"1938\" >1938<\/option><option value=\"1937\" >1937<\/option><option value=\"1936\" >1936<\/option><option value=\"1935\" >1935<\/option><option value=\"1934\" >1934<\/option><option value=\"1933\" >1933<\/option><option value=\"1932\" >1932<\/option><option value=\"1931\" >1931<\/option><option value=\"1930\" >1930<\/option><option value=\"1929\" >1929<\/option><option value=\"1928\" >1928<\/option><option value=\"1927\" >1927<\/option><option value=\"1926\" >1926<\/option><option value=\"1925\" >1925<\/option><option value=\"1924\" >1924<\/option><option value=\"1923\" >1923<\/option><option value=\"1922\" >1922<\/option><option value=\"1921\" >1921<\/option><option value=\"1920\" >1920<\/option><option value=\"1919\" >1919<\/option><option value=\"1918\" >1918<\/option><option value=\"1917\" >1917<\/option><option value=\"1916\" >1916<\/option><option value=\"1915\" >1915<\/option><option value=\"1914\" >1914<\/option><option value=\"1913\" >1913<\/option><option value=\"1912\" >1912<\/option><option value=\"1911\" >1911<\/option><option value=\"1910\" >1910<\/option><option value=\"1909\" >1909<\/option><option value=\"1908\" >1908<\/option><option value=\"1907\" >1907<\/option><option value=\"1906\" >1906<\/option><option value=\"1905\" >1905<\/option><option value=\"1904\" >1904<\/option><option value=\"1903\" >1903<\/option><option value=\"1902\" >1902<\/option><option value=\"1901\" >1901<\/option><\/select><label for=\"wdform_3_year32\" class=\"mini_label\">Jahr<\/label><\/div><\/div><\/div><\/div><\/div><div wdid=\"5\" class=\"wdform_row\" style=\"position: relative; left: 0px; top: 0px;\"><div type=\"type_text\" class=\"wdform-field wd-width-100 wd-flex wd-flex-column fm-type_text\" ><div class=\"wdform-label-section wd-width-100  wd-flex-row wd-align-items-center\">    <label  for=\"wdform_5_element32\" class=\"wdform-label\">Patienten-Tel.-Nr. f\u00fcr unseren R\u00fcckruf<\/label><span class=\"wdform-required\">*<\/span><\/div><div class=\"wdform-element-section wd-flex  wd-flex-row wd-align-items-center wd-width-100\" style=\"max-width: 200px;\"><input type=\"text\"                           class=\"wd-width-100\"                           id=\"wdform_5_element32\"                           name=\"wdform_5_element32\"                           value=\"\"                           data-value=\"\"                           title=\"\"                           placeholder=\"\"                                                       \/><\/div><\/div><\/div><\/div><div class=\"wdform_column\"><div wdid=\"6\" class=\"wdform_row\"><div type=\"type_submitter_mail\" class=\"wdform-field wd-width-100 wd-flex wd-flex-column fm-type_submitter_mail\" ><div class=\"wdform-label-section wd-width-100  wd-flex-row\">    <label  for=\"wdform_6_element32\" class=\"wdform-label\">Patienten-Email-Adresse<\/label><\/div><div class=\"wdform-element-section wd-flex  wd-flex-row wd-width-100\" ><input type=\"text\" class=\"wd-width-100\" id=\"wdform_6_element32\" name=\"wdform_6_element32\" data-value=\"\" value=\"\" title=\"\" placeholder=\"\"   onchange=\"wd_check_email('6', '32', 'Dies ist keine g\u00fcltige E-Mail-Adresse.')\" \/><\/div><\/div><\/div><\/div><div class=\"wdform_column\"><div wdid=\"52\" class=\"wdform_row\"><div type=\"type_text\" class=\"wdform-field wd-width-100 wd-flex wd-flex-column fm-type_text\" ><div class=\"wdform-label-section wd-width-100  wd-flex-row wd-align-items-center\">    <label  for=\"wdform_52_element32\" class=\"wdform-label\">Krankenkasse<\/label><span class=\"wdform-required\">*<\/span><\/div><div class=\"wdform-element-section wd-flex  wd-flex-row wd-align-items-center wd-width-100\" ><input type=\"text\"                           class=\"wd-width-100\"                           id=\"wdform_52_element32\"                           name=\"wdform_52_element32\"                           value=\"\"                           data-value=\"\"                           title=\"\"                           placeholder=\"\"                                                       \/><\/div><\/div><\/div><\/div><div class=\"wdform_column\"><div wdid=\"43\" class=\"wdform_row\"><div type=\"type_editor\" class=\"wdform-field\"><p><span style=\"text-decoration: underline;\" data-mce-style=\"text-decoration: underline;\"><strong><span style=\"font-size: 1rem;\" data-mce-style=\"font-size: 1rem;\">Angaben zur zuweisenden \u00c4rztin \/ zum zuweisenden Arzt<\/span><span style=\"font-size: 1rem;\" data-mce-style=\"font-size: 1rem;\"><\/span><\/strong><\/span><\/p><\/div><\/div><\/div><div class=\"wdform_column\"><div wdid=\"47\" class=\"wdform_row\"><div type=\"type_text\" class=\"wdform-field wd-width-100 wd-flex wd-flex-column fm-type_text\" ><div class=\"wdform-label-section wd-width-100  wd-flex-row wd-align-items-center\">    <label  for=\"wdform_47_element32\" class=\"wdform-label\">Name der Praxis<\/label><\/div><div class=\"wdform-element-section wd-flex  wd-flex-row wd-align-items-center wd-width-100\" ><input type=\"text\"                           class=\"wd-width-100\"                           id=\"wdform_47_element32\"                           name=\"wdform_47_element32\"                           value=\"\"                           data-value=\"\"                           title=\"\"                           placeholder=\"\"                                                       \/><\/div><\/div><\/div><\/div><div class=\"wdform_column\"><div wdid=\"45\" class=\"wdform_row\"><div type=\"type_submitter_mail\" class=\"wdform-field wd-width-100 wd-flex wd-flex-column fm-type_submitter_mail\" ><div class=\"wdform-label-section wd-width-100  wd-flex-row\">    <label  for=\"wdform_45_element32\" class=\"wdform-label\">Praxis-Email<\/label><\/div><div class=\"wdform-element-section wd-flex  wd-flex-row wd-width-100\" ><input type=\"text\" class=\"wd-width-100\" id=\"wdform_45_element32\" name=\"wdform_45_element32\" data-value=\"\" value=\"\" title=\"\" placeholder=\"\"   onchange=\"wd_check_email('45', '32', 'Dies ist keine g\u00fcltige E-Mail-Adresse.')\" \/><\/div><\/div><\/div><\/div><div class=\"wdform_column\"><div wdid=\"48\" class=\"wdform_row\"><div type=\"type_text\" class=\"wdform-field wd-width-100 wd-flex wd-flex-column fm-type_text\" ><div class=\"wdform-label-section wd-width-100  wd-flex-row wd-align-items-center\">    <label  for=\"wdform_48_element32\" class=\"wdform-label\">R\u00fcckrufnummer der Praxis<\/label><\/div><div class=\"wdform-element-section wd-flex  wd-flex-row wd-align-items-center wd-width-100\" style=\"max-width: 300px;\"><input type=\"text\"                           class=\"wd-width-100\"                           id=\"wdform_48_element32\"                           name=\"wdform_48_element32\"                           value=\"\"                           data-value=\"\"                           title=\"\"                           placeholder=\"\"                                                       \/><\/div><\/div><\/div><\/div><div class=\"wdform_column\"><div wdid=\"8\" class=\"wdform_row\" style=\"position: relative; left: 0px; top: 0px;\"><div type=\"type_textarea\" class=\"wdform-field wd-width-100 wd-flex wd-flex-column fm-type_textarea\" ><div class=\"wdform-label-section wd-width-100 \">    <label  for=\"wdform_8_element32\" class=\"wdform-label\">Anliegen<\/label><span class=\"wdform-required\">*<\/span><\/div><div class=\"wdform-element-section wd-flex  wd-width-100\" ><textarea class=\"wd-width-100\"                      id=\"wdform_8_element32\"                      name=\"wdform_8_element32\"                      placeholder=\"\"                      data-value=\"\"                      maxlength=\"\"                      style=\"height: 200px;\"                      ><\/textarea><\/div><\/div><\/div><\/div><div class=\"wdform_column\"><div wdid=\"19\" class=\"wdform_row\"><div type=\"type_textarea\" class=\"wdform-field wd-width-100 wd-flex wd-flex-column fm-type_textarea\" ><div class=\"wdform-label-section wd-width-100 \">    <label  for=\"wdform_19_element32\" class=\"wdform-label\">Vorbefunde<\/label><\/div><div class=\"wdform-element-section wd-flex  wd-width-100\" ><textarea class=\"wd-width-100\"                      id=\"wdform_19_element32\"                      name=\"wdform_19_element32\"                      placeholder=\"\"                      data-value=\"\"                      maxlength=\"\"                      style=\"height: 200px;\"                      ><\/textarea><\/div><\/div><\/div><\/div><div class=\"wdform_column\"><div wdid=\"49\" class=\"wdform_row\"><div type=\"type_radio\" class=\"wdform-field wd-width-100 wd-flex wd-flex-column fm-type_radio\" ><div class=\"wdform-label-section wd-width-100  wd-flex-wrap wd-flex-column\">    <label  class=\"wdform-label\">Dringlichkeit<\/label><\/div><div class=\"wdform-element-section wd-flex  wd-flex-wrap wd-flex-column wd-width-100\" ><div class=\"wd-flex wd-flex-column\"><input type=\"hidden\" name=\"wdform_49_element32\" value=\"\" \/><div class=\"radio-div wd-choice wd-flex wd-flex-row\"><input type=\"radio\"  id=\"wdform_49_element320\" name=\"wdform_49_element32\" value=\"sofort\" onclick=\"set_default(&quot;wdform_49&quot;,&quot;0&quot;,&quot;32&quot;); \"   \/><label class=\"wd-align-items-center wd-flex wd-flex-row\" for=\"wdform_49_element320\"><span><\/span>sofort<\/label><\/div><div class=\"radio-div wd-choice wd-flex wd-flex-row\"><input type=\"radio\"  id=\"wdform_49_element321\" name=\"wdform_49_element32\" value=\"bis 4 Tage\" onclick=\"set_default(&quot;wdform_49&quot;,&quot;1&quot;,&quot;32&quot;); \"   \/><label class=\"wd-align-items-center wd-flex wd-flex-row\" for=\"wdform_49_element321\"><span><\/span>bis 4 Tage<\/label><\/div><div class=\"radio-div wd-choice wd-flex wd-flex-row\"><input type=\"radio\"  id=\"wdform_49_element322\" name=\"wdform_49_element32\" value=\"bis 4 Wochen\" onclick=\"set_default(&quot;wdform_49&quot;,&quot;2&quot;,&quot;32&quot;); \"   \/><label class=\"wd-align-items-center wd-flex wd-flex-row\" for=\"wdform_49_element322\"><span><\/span>bis 4 Wochen<\/label><\/div><div class=\"radio-div wd-choice wd-flex wd-flex-row\"><input type=\"radio\"  id=\"wdform_49_element323\" name=\"wdform_49_element32\" value=\"elektiv\" onclick=\"set_default(&quot;wdform_49&quot;,&quot;3&quot;,&quot;32&quot;); \"   \/><label class=\"wd-align-items-center wd-flex wd-flex-row\" for=\"wdform_49_element323\"><span><\/span>elektiv<\/label><\/div><\/div><\/div><\/div><\/div><\/div><div class=\"wdform_column\"><div wdid=\"13\" class=\"wdform_row\" style=\"position: relative; left: 0px; top: 0px;\"><div type=\"type_file_upload\" class=\"wdform-field wd-width-100 wd-flex wd-flex-column fm-type_file_upload\" ><div class=\"wdform-label-section wd-width-100  wd-flex-column\">    <label  for=\"wdform_13_element32\" class=\"wdform-label\">Bitte f\u00fcgen Sie die Vorbefunde und EKG`s des Patienten der Anfrage bei. Die Gr\u00f6\u00dfe aller Dateien insgesamt darf 10 MB nicht \u00fcberschreiten.<\/label><\/div><div class=\"wdform-element-section wd-flex  wd-flex-column wd-width-100\" ><label class=\"file-upload\"><div class=\"file-picker\"><\/div><input type=\"file\" id=\"wdform_13_element32\" name=\"wdform_13_file32[]\" multiple='multiple'  \/><\/label><\/div><\/div><\/div><\/div><div class=\"wdform_column\"><div wdid=\"11\" class=\"wdform_row\"><div type=\"type_checkbox\" class=\"wdform-field wd-width-100 wd-flex wd-flex-column fm-type_checkbox\" ><div class=\"wdform-label-section wd-width-100  wd-flex-wrap wd-flex-column\">    <label  class=\"wdform-label\">Ich bin mit der Speicherung und Verarbeitung der Patientendaten zum Zweck der Zuweisung der Patientin \/ des Patienten einverstanden.<\/label><span class=\"wdform-required\">*<\/span><\/div><div class=\"wdform-element-section wd-flex  wd-flex-wrap wd-flex-column wd-width-100\" ><div class=\"wd-flex wd-flex-column\"><input type=\"hidden\" name=\"wdform_11_element32\" value=\"\" \/><div class=\"checkbox-div wd-choice wd-flex wd-flex-row\"><input type=\"checkbox\"  id=\"wdform_11_element320\" name=\"wdform_11_element320\" value=\"Zustimmung\"    \/><label class=\"wd-align-items-center wd-flex wd-flex-row\" for=\"wdform_11_element320\"><span><\/span>Zustimmung<\/label><\/div><\/div><\/div><\/div><\/div><\/div><div class=\"wdform_column\"><div wdid=\"50\" class=\"wdform_row\"><div type=\"type_hidden\" class=\"wdform-field wd-width-100 wd-flex wd-flex-column fm-type_hidden\" ><div class=\"wdform-element-section wd-flex wd-width-100\" ><input type=\"hidden\" data-value=\"32\" value=\"32\" id=\"wdform_50_element32\" name=\"form_id\"  \/><\/div><\/div><\/div><\/div><div class=\"wdform_column\"><div wdid=\"51\" class=\"wdform_row\"><div type=\"type_hidden\" class=\"wdform-field wd-width-100 wd-flex wd-flex-column fm-type_hidden\" ><div class=\"wdform-element-section wd-flex wd-width-100\" ><input type=\"hidden\" data-value=\"1\" value=\"1\" id=\"wdform_51_element32\" name=\"localTransfer\"  \/><\/div><\/div><\/div><\/div><div class=\"wdform_column\"><div wdid=\"1\" class=\"wdform_row\"><div type=\"type_submit_reset\" class=\"wdform-field wd-width-100 wd-flex wd-flex-column fm-type_submit_reset\" ><div class=\"wdform-element-section wd-flex  wd-flex-row wd-justify-content-right wd-width-100\" ><button  type=\"button\" class=\"button-submit\" onclick=\"fm_submit_form('32');\"  data-ajax=\"0\"><span class=\"fm-submit-loading spinner fm-ico-spinner\"><\/span>Absenden<\/button><button  type=\"button\" class=\"button-reset wd-hidden\" onclick=\"fm_reset_form(32);\" >Reset<\/button><\/div><\/div><\/div><\/div><\/div><div valign=\"top\" class=\"wdform_footer wd-width-100\"><div class=\"wd-width-100\"><div class=\"wd-width-100 wd-table\" style=\"padding-top:10px;\"><div class=\"wd-table-group\"><div id=\"32page_nav1\" class=\"wd-table-row\"><\/div><\/div><\/div><\/div><\/div><\/div><\/div><div class=\"wdform_preload\"><\/div><input type=\"hidden\" name=\"fm-current-page\" value=\"https:\/\/www.kardiologie-saalkreis.de\/index.php?rest_route=%2Fwp%2Fv2%2Fpages%2F2436\" \/><\/form><\/div>\n","protected":false},"excerpt":{"rendered":"","protected":false},"author":2,"featured_media":0,"parent":17,"menu_order":0,"comment_status":"closed","ping_status":"closed","template":"page-templates\/full-width.php","meta":{"footnotes":""},"_links":{"self":[{"href":"https:\/\/www.kardiologie-saalkreis.de\/index.php?rest_route=\/wp\/v2\/pages\/2436"}],"collection":[{"href":"https:\/\/www.kardiologie-saalkreis.de\/index.php?rest_route=\/wp\/v2\/pages"}],"about":[{"href":"https:\/\/www.kardiologie-saalkreis.de\/index.php?rest_route=\/wp\/v2\/types\/page"}],"author":[{"embeddable":true,"href":"https:\/\/www.kardiologie-saalkreis.de\/index.php?rest_route=\/wp\/v2\/users\/2"}],"replies":[{"embeddable":true,"href":"https:\/\/www.kardiologie-saalkreis.de\/index.php?rest_route=%2Fwp%2Fv2%2Fcomments&post=2436"}],"version-history":[{"count":5,"href":"https:\/\/www.kardiologie-saalkreis.de\/index.php?rest_route=\/wp\/v2\/pages\/2436\/revisions"}],"predecessor-version":[{"id":2606,"href":"https:\/\/www.kardiologie-saalkreis.de\/index.php?rest_route=\/wp\/v2\/pages\/2436\/revisions\/2606"}],"up":[{"embeddable":true,"href":"https:\/\/www.kardiologie-saalkreis.de\/index.php?rest_route=\/wp\/v2\/pages\/17"}],"wp:attachment":[{"href":"https:\/\/www.kardiologie-saalkreis.de\/index.php?rest_route=%2Fwp%2Fv2%2Fmedia&parent=2436"}],"curies":[{"name":"wp","href":"https:\/\/api.w.org\/{rel}","templated":true}]}}