{"id":2453,"date":"2023-02-03T16:29:34","date_gmt":"2023-02-03T14:29:34","guid":{"rendered":"https:\/\/www.kardiologie-saalkreis.de\/?page_id=2453"},"modified":"2024-12-06T17:43:57","modified_gmt":"2024-12-06T15:43:57","slug":"multimodale-psychokardiologie-in-halle","status":"publish","type":"page","link":"https:\/\/www.kardiologie-saalkreis.de\/?page_id=2453","title":{"rendered":"Multimodale Psychokardiologie in Halle"},"content":{"rendered":"\n<p><img loading=\"lazy\" decoding=\"async\" width=\"150\" height=\"147\" class=\"wp-image-2459\" style=\"width: 150px;\" src=\"http:\/\/www.kardiologie-saalkreis.de\/wp-content\/uploads\/2023\/01\/logo-psycho.jpg\" alt=\"\" srcset=\"https:\/\/www.kardiologie-saalkreis.de\/wp-content\/uploads\/2023\/01\/logo-psycho.jpg 691w, https:\/\/www.kardiologie-saalkreis.de\/wp-content\/uploads\/2023\/01\/logo-psycho-300x293.jpg 300w, https:\/\/www.kardiologie-saalkreis.de\/wp-content\/uploads\/2023\/01\/logo-psycho-624x610.jpg 624w\" sizes=\"(max-width: 150px) 100vw, 150px\" \/><\/p>\n\n\n\n<p><strong>Wenn die Seele aufs Herz dr\u00fcckt<\/strong><br><strong>Unsere Zielgruppe<\/strong><br>Menschen mit Herzerkrankungen (z. B. auch Herzrhythmusst\u00f6rungen) leiden sehr oft \u2013 auch nacherfolgreicher Behandlung \u2013 unter erheblichen \u00c4ngsten oder Symptomen einer Depression. Daf\u00fcr gibt es viele individuelle Gr\u00fcnde. Die Folge ist h\u00e4ufig eine betr\u00e4chtliche Einschr\u00e4nkung der Lebensqualit\u00e4t. Oft wird Sport genauso gemieden wie soziale Kontakte und es kommt zu starken k\u00f6rperlichen Beschwerden, die zu langen Arbeitsausf\u00e4llen f\u00fchren k\u00f6nnen. Lesen Sie dazu auch den <a href=\"http:\/\/www.kardiologie-saalkreis.de\/wp-content\/uploads\/2023\/02\/Kardiologie.pdf\" target=\"_blank\" rel=\"noreferrer noopener\">Pressebeitrag <\/a>vom 28.02.2023.<\/p>\n\n\n\n<p><strong>Niemand ist ein Einzelfall:<br>Behandlung in der Gruppe<\/strong><br>Niemand muss es allein bew\u00e4ltigen, wenn Herz und Seele nicht mehr Hand in Hand gehen.  Stattdessen kann die Kurzzeittherapie in der Gruppe helfen. Dort profitieren Sie nicht nur von den Informationen zum Thema Herz und Psyche, Angstbew\u00e4ltigung und Stressmanagement, sondern auch vom Austausch mit den Teilnehmer*innen, die \u00e4hnliche Erfahrungen gemacht haben wie Sie.<\/p>\n\n\n\n<p><strong>Psychokardiologische Behandlung:<br>Unsere multimodalen Kurzzeittherapie<\/strong><br>Die&nbsp;psychokardiologische, ambulante Behandlung richtet sich an Patient*innen mit Herzerkrankungen (bes. Herzrhythmusst\u00f6rungen) und psychischen (psychosomatischen) St\u00f6rungen und Erkrankungen. Ziel der Therapie ist ein grunds\u00e4tzliches Verst\u00e4ndnis der Zusammenh\u00e4nge von Herzerkrankungen, Stress und psychischen Faktoren. Dazu geh\u00f6rt auch das Erlernen eines besseren Umgangs mit Angst und Depressionen im Rahmen einer Herzerkrankung. Am Ende stehen im besten Fall ein verbessertes K\u00f6rpergef\u00fchl, eine gewachsene Leistungsf\u00e4higkeit, eine Linderung der psychischen Symptomatik und damit ein Zuwachs an Lebensqualit\u00e4t. Daf\u00fcr werden allen Teilnehmer-*innen verschiedene Wege und M\u00f6glichkeiten aufgezeigt, wie sie selbst aktiv am Heilungsprozess mitwirken k\u00f6nnen.<\/p>\n\n\n\n<p><strong>Herz und Seele im Gleichklang <\/strong><img decoding=\"async\" class=\"wp-image-2471\" style=\"width: 160px;\" src=\"http:\/\/www.kardiologie-saalkreis.de\/wp-content\/uploads\/2023\/02\/Bild1.png\" alt=\"\"><img loading=\"lazy\" decoding=\"async\" width=\"300\" height=\"140\" class=\"wp-image-2478\" style=\"width: 300px;\" src=\"http:\/\/www.kardiologie-saalkreis.de\/wp-content\/uploads\/2023\/02\/Bild1.jpg\" alt=\"\" srcset=\"https:\/\/www.kardiologie-saalkreis.de\/wp-content\/uploads\/2023\/02\/Bild1.jpg 1294w, https:\/\/www.kardiologie-saalkreis.de\/wp-content\/uploads\/2023\/02\/Bild1-300x140.jpg 300w, https:\/\/www.kardiologie-saalkreis.de\/wp-content\/uploads\/2023\/02\/Bild1-1024x478.jpg 1024w, https:\/\/www.kardiologie-saalkreis.de\/wp-content\/uploads\/2023\/02\/Bild1-768x358.jpg 768w, https:\/\/www.kardiologie-saalkreis.de\/wp-content\/uploads\/2023\/02\/Bild1-624x291.jpg 624w\" sizes=\"(max-width: 300px) 100vw, 300px\" \/><strong><br>Unser Therapieplan<\/strong><br>Jede Teilnehmer*in wird einmal pro Woche (\u00fcber insgesamt 10 Wochen) durch ein professionelles Team aus den Bereichen Kardiologie, Psychotherapie, Sport und Entspannungstherapie betreut.<\/p>\n\n\n\n<ul>\n<li>Modul 1: Psychotherapeutische Gruppensitzung (90 min)<\/li>\n\n\n\n<li>Modul 2: Entspannungsverfahren (60 min)<\/li>\n\n\n\n<li>Modul 3: Krafttraining (60 min)<\/li>\n\n\n\n<li>Modul 4: Ausdauertraining \u2013 Nordic Walking (60 min)<\/li>\n\n\n\n<li>Modul 5: Edukation (Wissensvermittlung rund um Ihre Herzerkrankung)<\/li>\n<\/ul>\n\n\n\n<p><strong><a href=\"http:\/\/www.kardiologie-saalkreis.de\/wp-content\/uploads\/2024\/12\/2025-1HJ.pdf\" target=\"_blank\" rel=\"noreferrer noopener\">Zeitplan f\u00fcr die Module im 1. Halbjahr 2025<\/a><\/strong><\/p>\n\n\n\n<p>Bei allen Teilnehmer*Innen erfolgen im Rahmen der Therapiephase kardiologische \/ psychokardiologische Untersuchungen, um die individuelle Situation zu erfassen.<\/p>\n\n\n\n<p>Dieses Angebot gilt aktuell f\u00fcr Patienten der Techniker-Krankenkasse, der IKK gesund plus und der AOK. Alle anderen Patienten werden \u00fcber den GO\u00c4 Katalog als Selbstzahlerleistung abgerechnet. Sprechen Sie uns an. Wir senden Ihnen gerne einen Kostenvoranschlag. <\/p>\n\n\n\n<p><strong>Ablauf:<\/strong><\/p>\n\n\n\n<ol style=\"list-style-type:1\">\n<li>Sie melden sich bitte \u00fcber die <span style=\"text-decoration: underline;\">beiden<\/span> folgenden Formulare an, so dass die kardiologische und psychische Symptomatik erfasst wird:<br><a href=\"https:\/\/www.kardiologie-saalkreis.de\/?page_id=2610\" target=\"_blank\" rel=\"noreferrer noopener\">Terminwunsch<\/a><br><a rel=\"noreferrer noopener\" href=\"https:\/\/www.kardiologie-saalkreis.de\/?page_id=2465(\u00f6ffnet in neuem Tab)\" target=\"_blank\">Fragebogen<\/a><br>Nachdem Sie <span style=\"text-decoration: underline;\">beide Formulare<\/span> ausgef\u00fcllt und abgesendet haben schauen wir, ob Sie f\u00fcr die multimodale psychokardiologische Therapie geeignet sind. <\/li>\n\n\n\n<li>Wenn Sie f\u00fcr diese Gruppentherapie geeignet erscheinen, kontaktieren wir Sie f\u00fcr einen Termin in der kardiologischen Sprechstunde (Dr. Petra Schirdewahn und Dr. med. Christina Zigann, Schillerplatz 12, 06198 Salzatal, praxis@kardiologie-saalkreis.de)<\/li>\n\n\n\n<li>In der Praxis werden Sie kardiologisch untersucht, Bringen Sie deshalb alle vorhandenen Unterlagen zum Termin mit oder laden Sie die Befunde \u00fcber das Anmeldeformular hoch. Zum Termin erhalten Sie weitere Informationen&nbsp;<\/li>\n\n\n\n<li>Wir f\u00fchren pro Jahr zwei Gruppenbehandlungen durch. <a href=\"http:\/\/www.kardiologie-saalkreis.de\/wp-content\/uploads\/2024\/12\/2025-1HJ.pdf\" target=\"_blank\" rel=\"noreferrer noopener\">Hier finden Sie die Termine. <\/a><\/li>\n\n\n\n<li>Wichtig ist, dass Sie alle Module absolvieren k\u00f6nnen. Sollten Sie ein Modul verpassen, k\u00f6nnen Sie bis zu drei Termine nachholen, ohne dass Ihnen Extrakosten entstehen.\u00a0<\/li>\n<\/ol>\n\n\n\n<p><strong>Kontakt:<\/strong><\/p>\n\n\n\n<p><strong>Kardiologische Praxis Dr. Petra Schirdewahn <\/strong> <img loading=\"lazy\" decoding=\"async\" width=\"150\" height=\"139\" class=\"wp-image-2475\" style=\"width: 150px;\" src=\"http:\/\/www.kardiologie-saalkreis.de\/wp-content\/uploads\/2023\/02\/Logo.jpg\" alt=\"\" srcset=\"https:\/\/www.kardiologie-saalkreis.de\/wp-content\/uploads\/2023\/02\/Logo.jpg 1005w, https:\/\/www.kardiologie-saalkreis.de\/wp-content\/uploads\/2023\/02\/Logo-300x278.jpg 300w, https:\/\/www.kardiologie-saalkreis.de\/wp-content\/uploads\/2023\/02\/Logo-768x711.jpg 768w, https:\/\/www.kardiologie-saalkreis.de\/wp-content\/uploads\/2023\/02\/Logo-624x577.jpg 624w\" sizes=\"(max-width: 150px) 100vw, 150px\" \/><br>Schillerplatz 12<br>06198 Salzatal<br>034609 149229 (Achtung kurze Telefonsprechzeiten, deshalb bitte Kontakt per E Mail)<br><a href=\"mailto:praxis@kardiologie-saalkreis.de\">praxis@kardiologie-saalkreis.de<\/a><\/p>\n\n\n\n<p><strong>Diakoniekrankenhaus Halle<\/strong><br>Klinik und Tagesklinik f\u00fcr Psychosomatik<br>und Psychotherapie<br>Dr. med. Thilo Hoffmann<br>M\u00fchlweg 7 \u2022 06114 Halle (Saale)<br>Telefon: 0345 778-7110<br>psychosomatik@diakoniekrankenhaus-halle.de<br>www.diakoniekrankenhaus-halle.de<\/p>\n\n\n\n<p><\/p>\n","protected":false},"excerpt":{"rendered":"<p>Wenn die Seele aufs Herz dr\u00fccktUnsere ZielgruppeMenschen mit Herzerkrankungen (z. B. auch Herzrhythmusst\u00f6rungen) leiden sehr oft \u2013 auch nacherfolgreicher Behandlung \u2013 unter erheblichen \u00c4ngsten oder Symptomen einer Depression. Daf\u00fcr gibt es viele individuelle Gr\u00fcnde. Die Folge ist h\u00e4ufig eine betr\u00e4chtliche Einschr\u00e4nkung der Lebensqualit\u00e4t. Oft wird Sport genauso gemieden wie soziale Kontakte und es kommt zu [&hellip;]<\/p>\n","protected":false},"author":2,"featured_media":0,"parent":0,"menu_order":0,"comment_status":"closed","ping_status":"closed","template":"page-templates\/full-width.php","meta":{"footnotes":""},"_links":{"self":[{"href":"https:\/\/www.kardiologie-saalkreis.de\/index.php?rest_route=\/wp\/v2\/pages\/2453"}],"collection":[{"href":"https:\/\/www.kardiologie-saalkreis.de\/index.php?rest_route=\/wp\/v2\/pages"}],"about":[{"href":"https:\/\/www.kardiologie-saalkreis.de\/index.php?rest_route=\/wp\/v2\/types\/page"}],"author":[{"embeddable":true,"href":"https:\/\/www.kardiologie-saalkreis.de\/index.php?rest_route=\/wp\/v2\/users\/2"}],"replies":[{"embeddable":true,"href":"https:\/\/www.kardiologie-saalkreis.de\/index.php?rest_route=%2Fwp%2Fv2%2Fcomments&post=2453"}],"version-history":[{"count":19,"href":"https:\/\/www.kardiologie-saalkreis.de\/index.php?rest_route=\/wp\/v2\/pages\/2453\/revisions"}],"predecessor-version":[{"id":2903,"href":"https:\/\/www.kardiologie-saalkreis.de\/index.php?rest_route=\/wp\/v2\/pages\/2453\/revisions\/2903"}],"wp:attachment":[{"href":"https:\/\/www.kardiologie-saalkreis.de\/index.php?rest_route=%2Fwp%2Fv2%2Fmedia&parent=2453"}],"curies":[{"name":"wp","href":"https:\/\/api.w.org\/{rel}","templated":true}]}}