{"id":247,"date":"2013-10-13T23:03:40","date_gmt":"2013-10-13T21:03:40","guid":{"rendered":"http:\/\/localhost\/projects\/wordpress\/?page_id=247"},"modified":"2023-01-08T13:11:13","modified_gmt":"2023-01-08T11:11:13","slug":"ihr-weg-zu-uns","status":"publish","type":"page","link":"https:\/\/www.kardiologie-saalkreis.de\/?page_id=247","title":{"rendered":"Ihr Weg zu uns"},"content":{"rendered":"<h2><\/h2>\n<p><strong>Lage im Saalekreis<\/strong><\/p>\n<p>Unsere Praxis befindet sich am Stadtrand von Halle im Ortsteil Schiepzig der Gemeinde Salzatal.<br \/>\nMit \u00f6ffentlichen Verkehrsmittel erreichen Sie uns aus Halle mit der Buslinie 306. Diese Buslinie verkehrt von der zentralen Bushaltestelle am Hauptbahnhof \u00fcber Franckeplatz, S-Bahnhof Halle-Neustadt und Heidebahnhof. Ihre Ausstiegsstelle ist Schiepzig, Seepark Nelkenstra\u00dfe. Genaue Fahrplanausk\u00fcnfte erhalten Sie \u00fcber die Fahrplanauskunft f\u00fcr Bus und Bahn in Sachsen-Anhalt.<\/p>\n<p><strong>Anfahrtsm\u00f6glichkeiten<\/strong><\/p>\n<p>Patienten aus dem Raum Merseburg: F\u00fcr Patienten aus dem Raum Merseburg\/Wei\u00dfenfels\/Leipzig ist unsere Praxis \u00fcber die A38 \/ A143, Abfahrt Halle-Neustadt sehr gut erreichbar.<\/p>\n<p>Patienten aus dem Raum Eisleben: Auch Patienten aus den Raum Eisleben erreichen uns schnell \u00fcber die B80. Direkt aus Halle und sind wir sowohl mit \u00f6ffentlichen Verkehrsmitteln als auch mit dem Auto gut zu erreichen. Der Neubau der A143 wird einen direkten Anschluss an Schiepzig erhalten.<\/p>\n<p><span style=\"text-decoration: underline;\">Routenplanung \u00fcber Google:<\/span> F\u00fcr&#8217;s Navigationssystem: bitte Schiepzig, Nelkenstra\u00dfe eingeben. Das Parken ist etwas schwieriger, bitte weichen Sie auch auf etwas entferntere Parkgelegenheiten aus.<br \/>\nDie Umbenennung der Gemeinde von Salzm\u00fcnde in Salzatal wurde bei Google noch nicht verarbeitet, deswegen enth\u00e4lt unter Umst\u00e4nden unsere Adresse in der Anfahrtsskizze noch die alte Namensgebung Salzm\u00fcnde.<\/p>\n<p>Routenplanung:<br \/>\n<iframe loading=\"lazy\" src=\"https:\/\/www.google.com\/maps\/d\/embed?mid=zPCWpVh9Qxxs.kXn2W1vGv9-4\" width=\"640\" height=\"480\"><\/iframe><\/p>\n","protected":false},"excerpt":{"rendered":"<p>Lage im Saalekreis Unsere Praxis befindet sich am Stadtrand von Halle im Ortsteil Schiepzig der Gemeinde Salzatal. Mit \u00f6ffentlichen Verkehrsmittel erreichen Sie uns aus Halle mit der Buslinie 306. Diese Buslinie verkehrt von der zentralen Bushaltestelle am Hauptbahnhof \u00fcber Franckeplatz, S-Bahnhof Halle-Neustadt und Heidebahnhof. Ihre Ausstiegsstelle ist Schiepzig, Seepark Nelkenstra\u00dfe. Genaue Fahrplanausk\u00fcnfte erhalten Sie \u00fcber [&hellip;]<\/p>\n","protected":false},"author":1,"featured_media":914,"parent":17,"menu_order":3,"comment_status":"closed","ping_status":"closed","template":"page-templates\/full-width.php","meta":{"footnotes":""},"_links":{"self":[{"href":"https:\/\/www.kardiologie-saalkreis.de\/index.php?rest_route=\/wp\/v2\/pages\/247"}],"collection":[{"href":"https:\/\/www.kardiologie-saalkreis.de\/index.php?rest_route=\/wp\/v2\/pages"}],"about":[{"href":"https:\/\/www.kardiologie-saalkreis.de\/index.php?rest_route=\/wp\/v2\/types\/page"}],"author":[{"embeddable":true,"href":"https:\/\/www.kardiologie-saalkreis.de\/index.php?rest_route=\/wp\/v2\/users\/1"}],"replies":[{"embeddable":true,"href":"https:\/\/www.kardiologie-saalkreis.de\/index.php?rest_route=%2Fwp%2Fv2%2Fcomments&post=247"}],"version-history":[{"count":8,"href":"https:\/\/www.kardiologie-saalkreis.de\/index.php?rest_route=\/wp\/v2\/pages\/247\/revisions"}],"predecessor-version":[{"id":2446,"href":"https:\/\/www.kardiologie-saalkreis.de\/index.php?rest_route=\/wp\/v2\/pages\/247\/revisions\/2446"}],"up":[{"embeddable":true,"href":"https:\/\/www.kardiologie-saalkreis.de\/index.php?rest_route=\/wp\/v2\/pages\/17"}],"wp:featuredmedia":[{"embeddable":true,"href":"https:\/\/www.kardiologie-saalkreis.de\/index.php?rest_route=\/wp\/v2\/media\/914"}],"wp:attachment":[{"href":"https:\/\/www.kardiologie-saalkreis.de\/index.php?rest_route=%2Fwp%2Fv2%2Fmedia&parent=247"}],"curies":[{"name":"wp","href":"https:\/\/api.w.org\/{rel}","templated":true}]}}