{"id":253,"date":"2013-10-14T01:52:34","date_gmt":"2013-10-13T23:52:34","guid":{"rendered":"http:\/\/localhost\/projects\/wordpress\/?page_id=253"},"modified":"2023-04-20T13:53:29","modified_gmt":"2023-04-20T11:53:29","slug":"infothek","status":"publish","type":"page","link":"https:\/\/www.kardiologie-saalkreis.de\/?page_id=253","title":{"rendered":"Infothek"},"content":{"rendered":"<h2 style=\"text-align: center;\">&#8222;Herz aus dem Takt&#8220; von Dr. Petra Schirdewahn<\/h2>\n<p style=\"text-align: center;\"><a href=\"http:\/\/www.kardiologie-saalkreis.de\/?page_id=385\"><img loading=\"lazy\" decoding=\"async\" class=\"size-medium wp-image-707 aligncenter\" src=\"http:\/\/www.kardiologie-saalkreis.de\/wp-content\/uploads\/2014\/05\/icon-300x300.jpg\" alt=\"icon\" width=\"300\" height=\"300\" srcset=\"https:\/\/www.kardiologie-saalkreis.de\/wp-content\/uploads\/2014\/05\/icon-300x300.jpg 300w, https:\/\/www.kardiologie-saalkreis.de\/wp-content\/uploads\/2014\/05\/icon-150x150.jpg 150w, https:\/\/www.kardiologie-saalkreis.de\/wp-content\/uploads\/2014\/05\/icon.jpg 596w\" sizes=\"(max-width: 300px) 100vw, 300px\" \/><\/a><\/p>\n<h2><span style=\"color: #ff0000;\">A<\/span><\/h2>\n<p><span class=\"info_wort\">Ablation<\/span> &#8211; gezielte Verschorfung\/Ver\u00f6dung von Gewebe<\/p>\n<p><span class=\"info_wort\">Antikoagulation<\/span> &#8211; ist die Behandlung mit sogenannten Blutverd\u00fcnnern mit dem Ziel der Verhinderung von Embolien, insbesondere eines Schlaganfalles. Die Blutverd\u00fcnner setzen die Gerinnbarkeit des Blutes herab. So wird die Gerinnselbildung im Herzen bei Vorhofflimmern quasi unm\u00f6glich gemacht. Der Nachteil dieser Behandlung ist eine erh\u00f6hte Blutungsneigung.<\/p>\n<h2><span style=\"color: #ff0000;\">B<\/span><\/h2>\n<p><span class=\"info_wort\">Bewusstlosigkeit &#8211; <a href=\"https:\/\/www.medtronic.com\/de-de\/c\/keine-macht-der-ohnmacht.html\" target=\"_blank\" rel=\"noopener\">Information dazu von der Firma Medtronic\u00a0<\/a><br \/>\nBradykardie<\/span> &#8211; langsamer Herzschlag (&lt; 50\/min)<\/p>\n<h2><span style=\"color: #ff0000;\">D<\/span><\/h2>\n<p><span class=\"info_wort\">Defibrillation<\/span> &#8211; ist eine Behandlung bei lebensbedrohlichen Herzrhythmusst\u00f6rungen (Kammerflimmern). Durch einen starken Stromsto\u00df wird die normale Herzt\u00e4tigkeit wieder hergestellt.<\/p>\n<h2><span style=\"color: #ff0000;\">E<\/span><\/h2>\n<p><span class=\"info_wort\">EKG<\/span> &#8211; (Elektrokardiogramm) ist die Registrierung der Summe aller elektrischen Aktivit\u00e4ten des Herzens. Jeder Herzaktion geht eine elektrische Aktivierung voraus. Diese Spannungs\u00e4nderungen werden an der K\u00f6peroberfl\u00e4che abgeleitet und im Zeitverlauf registriert. Mit dem EKG lassen sich viele Informationen \u00fcber das Herz gewinnen. So lassen sich Herzrhythmusst\u00f6rungen, ein Herzinfarkt, Muskelerkrankungen und andere Besonderheiten des Herzens diagnostizieren.<\/p>\n<p><span class=\"info_wort\">Extrasystole<\/span> &#8211; ist ein Extra-Herzschlag, der zus\u00e4tzlich zum normalen Herzrhythmus auftritt. Man sp\u00fcrt Extrasystolen manchmal gar nicht, manchmal aber auch als unangenehmen Stolpern, als Aussetzer und Klopfen im Hals. Extrasystolen k\u00f6nnen im Vorhof (supraventrikul\u00e4re Extrasystolen) und in der Herzkammer (ventrikul\u00e4re Extrasystolen) entstehen. Sie sind in der Regel harmlos, manchmal aber sehr l\u00e4stig.<\/p>\n<h2><span style=\"color: #ff0000;\">K<\/span><\/h2>\n<p><span class=\"info_wort\">Kardioversion<\/span> &#8211; Durch die Abgabe eines Stromsto\u00dfes soll die Aktivit\u00e4t der Herzmuskelzellen synchronisiert werden. Danach setzt in der Regel wieder eine geordnete Aktivit\u00e4t des Sinusknotens ein. Bei einer Kardioversion wird ein Stromsto\u00df (100 \u2013 200 Joule) \u00fcber zwei Fl\u00e4chenelektroden abgegeben. Im Gegensatz zur Defibrillation, erfolgt die Stromabgabe EKG-getriggert. Das ist schonender. Die Kardioversion erfolgt in Kurznarkose. Die Kardioversion ist eine akute Behandlung, das hei\u00dft, dass die Rhythmusst\u00f6rungen danach wieder auftreten kann.<\/p>\n<p><span class=\"info_wort\">Katheterablation<\/span> &#8211; ist die Behandlung von Herzrhythmusst\u00f6rungen, bei der mit Hilfe einer gezielten Ver\u00f6dung von Herzmuskelgewebe die Strukturen zerst\u00f6rt werden, die f\u00fcr die Entstehung bzw. Aufrechterhaltung der Rhythmusst\u00f6rung verantwortlich sind. Die Narben sind meist winzig. Ziel der Behandlung ist die dauerhafte Beseitigung der Rhythmusst\u00f6rung.<\/p>\n<h2><span style=\"color: #ff0000;\">P<\/span><\/h2>\n<p><span class=\"info_wort\">Pill in the pocket-Therapie<\/span> &#8211; Konzept in der Behandlung von Vorhofflimmern bei herzgesunden Patienten (<\/p>\n<h2><span style=\"color: #ff0000;\">S<\/span><\/h2>\n<p><span class=\"info_wort\">Synkope<\/span> &#8211; pl\u00f6tzliche Bewusstlosigkeit<br \/>\n<a href=\"https:\/\/www.medtronic.com\/de-de\/c\/keine-macht-der-ohnmacht.html\" target=\"_blank\" rel=\"noopener\">Informationen dazu von der Firma Medtronic<\/a><\/p>\n<h2><span style=\"color: #ff0000;\">T<\/span><\/h2>\n<p><span class=\"info_wort\">Tachykardie<\/span> &#8211; zu schneller Herzschlag (&gt; 100\/min)<\/p>\n","protected":false},"excerpt":{"rendered":"<p>&#8222;Herz aus dem Takt&#8220; von Dr. Petra Schirdewahn A Ablation &#8211; gezielte Verschorfung\/Ver\u00f6dung von Gewebe Antikoagulation &#8211; ist die Behandlung mit sogenannten Blutverd\u00fcnnern mit dem Ziel der Verhinderung von Embolien, insbesondere eines Schlaganfalles. Die Blutverd\u00fcnner setzen die Gerinnbarkeit des Blutes herab. So wird die Gerinnselbildung im Herzen bei Vorhofflimmern quasi unm\u00f6glich gemacht. Der Nachteil dieser [&hellip;]<\/p>\n","protected":false},"author":1,"featured_media":908,"parent":19,"menu_order":1,"comment_status":"closed","ping_status":"closed","template":"page-templates\/full-width.php","meta":{"footnotes":""},"_links":{"self":[{"href":"https:\/\/www.kardiologie-saalkreis.de\/index.php?rest_route=\/wp\/v2\/pages\/253"}],"collection":[{"href":"https:\/\/www.kardiologie-saalkreis.de\/index.php?rest_route=\/wp\/v2\/pages"}],"about":[{"href":"https:\/\/www.kardiologie-saalkreis.de\/index.php?rest_route=\/wp\/v2\/types\/page"}],"author":[{"embeddable":true,"href":"https:\/\/www.kardiologie-saalkreis.de\/index.php?rest_route=\/wp\/v2\/users\/1"}],"replies":[{"embeddable":true,"href":"https:\/\/www.kardiologie-saalkreis.de\/index.php?rest_route=%2Fwp%2Fv2%2Fcomments&post=253"}],"version-history":[{"count":17,"href":"https:\/\/www.kardiologie-saalkreis.de\/index.php?rest_route=\/wp\/v2\/pages\/253\/revisions"}],"predecessor-version":[{"id":2542,"href":"https:\/\/www.kardiologie-saalkreis.de\/index.php?rest_route=\/wp\/v2\/pages\/253\/revisions\/2542"}],"up":[{"embeddable":true,"href":"https:\/\/www.kardiologie-saalkreis.de\/index.php?rest_route=\/wp\/v2\/pages\/19"}],"wp:featuredmedia":[{"embeddable":true,"href":"https:\/\/www.kardiologie-saalkreis.de\/index.php?rest_route=\/wp\/v2\/media\/908"}],"wp:attachment":[{"href":"https:\/\/www.kardiologie-saalkreis.de\/index.php?rest_route=%2Fwp%2Fv2%2Fmedia&parent=253"}],"curies":[{"name":"wp","href":"https:\/\/api.w.org\/{rel}","templated":true}]}}