{"id":2681,"date":"2023-12-14T19:40:15","date_gmt":"2023-12-14T17:40:15","guid":{"rendered":"https:\/\/www.kardiologie-saalkreis.de\/?page_id=2681"},"modified":"2023-12-14T19:43:09","modified_gmt":"2023-12-14T17:43:09","slug":"datenschutzinformationen-zu-doctolib","status":"publish","type":"page","link":"https:\/\/www.kardiologie-saalkreis.de\/?page_id=2681","title":{"rendered":"Datenschutzinformationen zu Doctolib"},"content":{"rendered":"\n<p>F\u00fcr die optimale Terminverwaltung setzen wir das Terminmanagementsystem von Doctolib ein. Doctolib bietet uns einerseits ein modernes Terminmanagementsystem und andererseits unseren Patienten die M\u00f6glichkeit, auf derSeite https:\/\/www.doctolib.de\/ mit uns Termine online zu vereinbaren. Die Doctolib GmbH (Mehringdamm 51,10961 Berlin) wird f\u00fcr uns als Auftragsverarbeiter t\u00e4tig.<br>Wir nutzen die Doctolib Terminmanagementsoftware f\u00fcr alle unsere Patienten (unabh\u00e4ngig davon, ob der Patient ein Doctolib Nutzerkonto f\u00fcr die Onlinebuchung hat oder nicht), um Termine einheitlich zu verwalten. Doctolib verarbeitet s\u00e4mtliche Daten nach allen geltenden<br>Datenschutzvorschriften und wendet h\u00f6chste Sicherheitsstandards an. F\u00fcr die Terminvereinbarung werden folgende Daten in das Doctolib Terminmanagementsystem eingetragen:<br>Name, Vorname, Geburtsdatum, Anschrift, Telefonnummer, E-Mail Adresse, Hausarzt, Krankenkassenstatus, \u00fcberweisender Arzt, Besuchsgrund und Terminhistorie.<br>Ihre Daten werden f\u00fcr die Zwecke der Terminverwaltung erfasst, so wie es auch bisher bei uns der Fall war. Rechtsgrundlage f\u00fcr die Verarbeitung Ihrer Daten durch uns ist Art. 6 I b) DSGVO (der Behandlungsauftrag, den Sie uns erteilen), Art. 6 I a) DSGVO (Einwilligung f\u00fcr Terminerinnerungen per SMS und E-Mail) und Art. 9 II h) DSGVO (die Zwecke der Gesundheitsvorsorge). Doctolib wird dann als unser Auftragsverarbeiter t\u00e4tig (Art. 28 DSGVO). Es erfolgt keine Weiterleitung der Daten durch Doctolib an kommerzielle Anbieter. Doctolib wird vertraglich auf die Schweigepflicht gem\u00e4\u00df den \u00a7\u00a7 203, 204 StGB verpflichtet. Eine Entbindung von der Schweigepflicht ist nicht erforderlich.<\/p>\n\n\n\n<p><strong>Besonderheiten der Online Buchung<\/strong><br>F\u00fcr die Online-Terminbuchung ist ein Doctolib-Nutzerkonto notwendig, hierf\u00fcr gelten die Datenschutzhinweise von Doctolib, die auf der Webseite doctolib.de verf\u00fcgbar sind. F\u00fcr die Anlegung eines Doctolib Nutzerkontos ist die Doctolib GmbH (Mehringdamm 51, 10961 Berlin) Verantwortlicher f\u00fcr die Datenverarbeitung.<\/p>\n\n\n\n<p><strong>Einwilligung zu Terminerinnerungen und Recalls per SMS und\/oder E-Mail<\/strong><br>Um Terminausf\u00e4lle zu vermindern, m\u00f6chten wir Sie, auch falls Sie kein Doctolib Nutzerkonto haben, mittels des Doctolib Kalendersystems per SMS und E-Mail an Ihren Termin erinnern und bitten Sie im Prozess der Terminvereinbarung, uns zu best\u00e4tigen, dass Sie hiermit einverstanden sind. Wenn Sie keine Erinnerungen mehr erhalten m\u00f6chten, teilen Sie uns das jederzeit mit und wir stellen die Erinnerungen wieder aus.<\/p>\n\n\n\n<p>Wir bitten Sie im Prozess der Terminvereinbarung weiterhin uns zu best\u00e4tigen, dass Sie an Kontrolluntersuchungen sowie vereinbarte oder medizinisch notwendige Behandlungstermine erinnert werden m\u00f6chten (sog. Recalls) und bereit sind, an einem Wiederbestellsystem teilzunehmen (sog. Recalls). Sollten Sie dies nicht mehr w\u00fcnschen, k\u00f6nnen Sie Ihr Einverst\u00e4ndnis dazu jederzeit widerrufen.<\/p>\n","protected":false},"excerpt":{"rendered":"<p>F\u00fcr die optimale Terminverwaltung setzen wir das Terminmanagementsystem von Doctolib ein. Doctolib bietet uns einerseits ein modernes Terminmanagementsystem und andererseits unseren Patienten die M\u00f6glichkeit, auf derSeite https:\/\/www.doctolib.de\/ mit uns Termine online zu vereinbaren. Die Doctolib GmbH (Mehringdamm 51,10961 Berlin) wird f\u00fcr uns als Auftragsverarbeiter t\u00e4tig.Wir nutzen die Doctolib Terminmanagementsoftware f\u00fcr alle unsere Patienten (unabh\u00e4ngig davon, [&hellip;]<\/p>\n","protected":false},"author":2,"featured_media":0,"parent":0,"menu_order":0,"comment_status":"closed","ping_status":"closed","template":"page-templates\/full-width.php","meta":{"footnotes":""},"_links":{"self":[{"href":"https:\/\/www.kardiologie-saalkreis.de\/index.php?rest_route=\/wp\/v2\/pages\/2681"}],"collection":[{"href":"https:\/\/www.kardiologie-saalkreis.de\/index.php?rest_route=\/wp\/v2\/pages"}],"about":[{"href":"https:\/\/www.kardiologie-saalkreis.de\/index.php?rest_route=\/wp\/v2\/types\/page"}],"author":[{"embeddable":true,"href":"https:\/\/www.kardiologie-saalkreis.de\/index.php?rest_route=\/wp\/v2\/users\/2"}],"replies":[{"embeddable":true,"href":"https:\/\/www.kardiologie-saalkreis.de\/index.php?rest_route=%2Fwp%2Fv2%2Fcomments&post=2681"}],"version-history":[{"count":1,"href":"https:\/\/www.kardiologie-saalkreis.de\/index.php?rest_route=\/wp\/v2\/pages\/2681\/revisions"}],"predecessor-version":[{"id":2684,"href":"https:\/\/www.kardiologie-saalkreis.de\/index.php?rest_route=\/wp\/v2\/pages\/2681\/revisions\/2684"}],"wp:attachment":[{"href":"https:\/\/www.kardiologie-saalkreis.de\/index.php?rest_route=%2Fwp%2Fv2%2Fmedia&parent=2681"}],"curies":[{"name":"wp","href":"https:\/\/api.w.org\/{rel}","templated":true}]}}