{"id":32,"date":"2013-09-30T14:03:15","date_gmt":"2013-09-30T12:03:15","guid":{"rendered":"http:\/\/localhost\/projects\/wordpress\/?page_id=32"},"modified":"2024-03-18T16:21:49","modified_gmt":"2024-03-18T14:21:49","slug":"startseite","status":"publish","type":"page","link":"https:\/\/www.kardiologie-saalkreis.de\/","title":{"rendered":"Herzlich Willkommen in der Kardiologischen Praxis Dr. Petra Schirdewahn"},"content":{"rendered":"\n<p><\/p>\n\n\n\n<div class=\"wp-block-buttons is-content-justification-left is-layout-flex wp-container-core-buttons-is-layout-1 wp-block-buttons-is-layout-flex\">\n<div class=\"wp-block-button\"><a class=\"wp-block-button__link wp-element-button\" href=\"https:\/\/www.doctolib.de\/praxis\/salzatal\/kardiologische-praxis-dr-petra-schirdewahn?utm_campaign=website-button&amp;utm_source=kardiologische-praxis-dr-petra-schirdewahn-website-button&amp;utm_medium=referral&amp;utm_content=option-8&amp;utm_term=kardiologische-praxis-dr-petra-schirdewahn\" target=\"_blank\" rel=\"noreferrer noopener\"><strong>online-Terminbuchung<\/strong><\/a><\/div>\n\n\n\n<div class=\"wp-block-button\"><a class=\"wp-block-button__link wp-element-button\" href=\"https:\/\/www.kardiologie-saalkreis.de\/?page_id=2436\" target=\"_blank\" rel=\"noreferrer noopener\"><strong>\u00e4rztliche Zuweisungen<\/strong><\/a><\/div>\n\n\n\n<div class=\"wp-block-button\"><a class=\"wp-block-button__link wp-element-button\" href=\"https:\/\/www.kardiologie-saalkreis.de\/?page_id=139\" target=\"_blank\" rel=\"noreferrer noopener\"><strong>Sprechzeiten<\/strong><\/a><\/div>\n\n\n\n<div class=\"wp-block-button\"><a class=\"wp-block-button__link wp-element-button\" href=\"https:\/\/www.kardiologie-saalkreis.de\/?page_id=865\" target=\"_blank\" rel=\"noreferrer noopener\"><strong>Terminanfrage Patienten<\/strong><\/a><\/div>\n<\/div>\n\n\n\n<p><\/p>\n\n\n\n<p class=\"has-dark-gray-color has-text-color\">Ihr Herz schl\u00e4gt manchmal unregelm\u00e4\u00dfig schnell oder langsam, manchmal rast es ohne Grund einfach los, vielleicht qu\u00e4lt Sie Schwindel oder Sie waren sogar schon mal kurz bewusstlos?<\/p>\n\n\n\n<p>Das kann zahlreiche Ursachen haben, nach denen sich die passende Therapie richten sollte. Die M\u00f6glichkeiten reichen von ausf\u00fchrlichen Gespr\u00e4chen, Medikamenten bis hin zu speziellen elektrischen Katheterverfahren oder sogar Operationen.<\/p>\n\n\n\n<p>Die Kardiologische Praxis ist spezialisiert auf die schnelle und effiziente Behandlung von Herzrhythmusst\u00f6rungen.&nbsp;Wir haben die h\u00e4ufigsten <a href=\"https:\/\/www.kardiologie-saalkreis.de\/?page_id=2092\" target=\"_blank\" rel=\"noreferrer noopener\">Fragen und Antworten<\/a>, die uns von unseren Patienten in diesem Zusammenhang gestellt werden, <a href=\"https:\/\/www.kardiologie-saalkreis.de\/?page_id=2092\" target=\"_blank\" rel=\"noreferrer noopener\">hier<\/a> f\u00fcr Sie zusammengestellt.<\/p>\n\n\n\n<p>Seit 2004 wurden in&nbsp;Kooperation mit Haus\u00e4rzten und Kliniken in der Region \u00fcber 4000&nbsp;Ablationen von Vorhofflimmern und weitere 8000 Ablationen bei anderen Herzrhythmusst\u00f6rungen durchgef\u00fchrt. <\/p>\n\n\n\n<div class=\"wp-block-columns is-layout-flex wp-container-core-columns-is-layout-1 wp-block-columns-is-layout-flex\">\n<div class=\"wp-block-column is-layout-flow wp-block-column-is-layout-flow\" style=\"flex-basis:50%\">\n<blockquote class=\"wp-block-quote is-layout-flow wp-block-quote-is-layout-flow\">\n<p class=\"has-text-align-left\">Durch die Mitarbeit von <br><strong>Frau Dr. med. Christina Zigann<\/strong> <br>als angestellte \u00c4rztin k\u00f6nnen wir uns nun mehr Zeit f\u00fcr unsere Patienten nehmen.<br><br>             <\/p>\n<\/blockquote>\n<\/div>\n\n\n\n<div class=\"wp-block-column is-layout-flow wp-block-column-is-layout-flow\" style=\"flex-basis:50%\">\n<figure class=\"wp-block-image size-large is-resized\"><a href=\"http:\/\/www.kardiologie-saalkreis.de\/wp-content\/uploads\/2024\/03\/Christina-Portrait.jpg\"><img loading=\"lazy\" decoding=\"async\" src=\"https:\/\/www.kardiologie-saalkreis.de\/wp-content\/uploads\/2024\/03\/Christina-Portrait-830x1024.jpg\" alt=\"\" class=\"wp-image-2762\" width=\"208\" height=\"256\" srcset=\"https:\/\/www.kardiologie-saalkreis.de\/wp-content\/uploads\/2024\/03\/Christina-Portrait-830x1024.jpg 830w, https:\/\/www.kardiologie-saalkreis.de\/wp-content\/uploads\/2024\/03\/Christina-Portrait-243x300.jpg 243w, https:\/\/www.kardiologie-saalkreis.de\/wp-content\/uploads\/2024\/03\/Christina-Portrait-768x947.jpg 768w, https:\/\/www.kardiologie-saalkreis.de\/wp-content\/uploads\/2024\/03\/Christina-Portrait-624x770.jpg 624w, https:\/\/www.kardiologie-saalkreis.de\/wp-content\/uploads\/2024\/03\/Christina-Portrait.jpg 994w\" sizes=\"(max-width: 208px) 100vw, 208px\" \/><\/a><\/figure>\n<\/div>\n<\/div>\n\n\n\n<p><strong>Schwerpunkte unserer\u00a0Praxis sind:<\/strong><\/p>\n\n\n\n<div class=\"wp-block-columns is-layout-flex wp-container-core-columns-is-layout-2 wp-block-columns-is-layout-flex\">\n<div class=\"wp-block-column is-vertically-aligned-top is-layout-flow wp-block-column-is-layout-flow\" style=\"flex-basis:33.33%\"><div class=\"wp-block-image is-style-rounded\">\n<figure class=\"aligncenter size-thumbnail\"><a href=\"https:\/\/www.kardiologie-saalkreis.de\/?page_id=2453\"><img loading=\"lazy\" decoding=\"async\" width=\"150\" height=\"150\" src=\"https:\/\/www.kardiologie-saalkreis.de\/wp-content\/uploads\/2023\/01\/logo-psycho-150x150.jpg\" alt=\"\" class=\"wp-image-2459\"\/><\/a><figcaption class=\"wp-element-caption\">      <strong><a href=\"https:\/\/www.kardiologie-saalkreis.de\/?page_id=2453\" target=\"_blank\" rel=\"noreferrer noopener\">Psychokardiologie<\/a><\/strong><\/figcaption><\/figure><\/div><\/div>\n\n\n\n<div class=\"wp-block-column is-layout-flow wp-block-column-is-layout-flow\" style=\"flex-basis:66.66%\">\n<ul>\n<li>die hochqualifizierte Diagnostik und Behandlung aller Formen von Herzrhythmusst\u00f6rungen<\/li>\n\n\n\n<li>die umfassende kardiologische Diagnostik<\/li>\n\n\n\n<li>die <a rel=\"noreferrer noopener\" href=\"https:\/\/www.kardiologie-saalkreis.de\/?page_id=2453\" target=\"_blank\">psychokardiologische Betreuung<\/a> (<a rel=\"noreferrer noopener\" href=\"http:\/\/www.kardiologie-saalkreis.de\/wp-content\/uploads\/2023\/02\/Kardiologie.pdf\" target=\"_blank\">Presse<\/a>) <\/li>\n<\/ul>\n<\/div>\n<\/div>\n\n\n\n<p>Die interventionellen Therapien (Katheterablationen) f\u00fchren wir&nbsp;in bew\u00e4hrter Weise mit den Kollegen des Universit\u00e4tsklinikums Halle und der Asklepios Klinik Wei\u00dfenfels durch.<\/p>\n\n\n\n<p>Informieren Sie sich hier oder auch in meinem Buch&nbsp;<a href=\"http:\/\/www.kardiologie-saalkreis.de\/?page_id=385\">&#8222;Herz aus dem Takt&#8220;<\/a>&nbsp;\u00fcber uns und dar\u00fcber, was wir f\u00fcr Sie tun k\u00f6nnen. Sicher ist es eine ganze Menge!<\/p>\n\n\n\n<p>Dr. Petra Schirdewahn und Dr. Christina Zigann<\/p>\n\n\n\n<p class=\"has-text-color\" style=\"color:#21579c\"><\/p>\n\n\n\n<p class=\"has-normal-font-size\"><\/p>\n","protected":false},"excerpt":{"rendered":"<p>Ihr Herz schl\u00e4gt manchmal unregelm\u00e4\u00dfig schnell oder langsam, manchmal rast es ohne Grund einfach los, vielleicht qu\u00e4lt Sie Schwindel oder Sie waren sogar schon mal kurz bewusstlos? Das kann zahlreiche Ursachen haben, nach denen sich die passende Therapie richten sollte. Die M\u00f6glichkeiten reichen von ausf\u00fchrlichen Gespr\u00e4chen, Medikamenten bis hin zu speziellen elektrischen Katheterverfahren oder sogar [&hellip;]<\/p>\n","protected":false},"author":1,"featured_media":1715,"parent":0,"menu_order":1,"comment_status":"closed","ping_status":"closed","template":"page-templates\/full-width.php","meta":{"footnotes":""},"_links":{"self":[{"href":"https:\/\/www.kardiologie-saalkreis.de\/index.php?rest_route=\/wp\/v2\/pages\/32"}],"collection":[{"href":"https:\/\/www.kardiologie-saalkreis.de\/index.php?rest_route=\/wp\/v2\/pages"}],"about":[{"href":"https:\/\/www.kardiologie-saalkreis.de\/index.php?rest_route=\/wp\/v2\/types\/page"}],"author":[{"embeddable":true,"href":"https:\/\/www.kardiologie-saalkreis.de\/index.php?rest_route=\/wp\/v2\/users\/1"}],"replies":[{"embeddable":true,"href":"https:\/\/www.kardiologie-saalkreis.de\/index.php?rest_route=%2Fwp%2Fv2%2Fcomments&post=32"}],"version-history":[{"count":140,"href":"https:\/\/www.kardiologie-saalkreis.de\/index.php?rest_route=\/wp\/v2\/pages\/32\/revisions"}],"predecessor-version":[{"id":2768,"href":"https:\/\/www.kardiologie-saalkreis.de\/index.php?rest_route=\/wp\/v2\/pages\/32\/revisions\/2768"}],"wp:featuredmedia":[{"embeddable":true,"href":"https:\/\/www.kardiologie-saalkreis.de\/index.php?rest_route=\/wp\/v2\/media\/1715"}],"wp:attachment":[{"href":"https:\/\/www.kardiologie-saalkreis.de\/index.php?rest_route=%2Fwp%2Fv2%2Fmedia&parent=32"}],"curies":[{"name":"wp","href":"https:\/\/api.w.org\/{rel}","templated":true}]}}