{"id":65,"date":"2013-10-06T09:52:51","date_gmt":"2013-10-06T07:52:51","guid":{"rendered":"http:\/\/localhost\/projects\/wordpress\/?page_id=65"},"modified":"2024-01-02T17:01:36","modified_gmt":"2024-01-02T15:01:36","slug":"frau-dr-med-petra-schirdewahn","status":"publish","type":"page","link":"https:\/\/www.kardiologie-saalkreis.de\/?page_id=65","title":{"rendered":"Frau Dr. med. Petra Schirdewahn"},"content":{"rendered":"<p>Fach\u00e4rztin f\u00fcr Innere Medizin mit der Gebietsbezeichnung Kardiologie<\/p>\n<p>Berufliche Entwicklung:<\/p>\n<ul>\n<li>1989-1996: Facharztausbildung zur Fach\u00e4rztin f\u00fcr Innere Medizin an der Universit\u00e4t Leipzig<\/li>\n<li>1998: Gebietsbezeichnung Kardiologie Universit\u00e4t Leipzig<\/li>\n<li>1992: Promotion<\/li>\n<li>1998-2000: Ober\u00e4rztin der Klinik f\u00fcr Kardiologie im Herzzentrum Coswig<\/li>\n<li>2000-2004: Ober\u00e4rztin der Abteilung Rhythmologie im Herzzentrum Leipzig<\/li>\n<li>seit 2004: Niedergelassene Kardiologin in der Gemeinschaftspraxis Saalekreis<\/li>\n<li>Dezember 2013 erscheint im Wagner Verlag ihr erstes Buch &#8222;Herz aus dem Takt&#8220;<\/li>\n<li style=\"text-align: left;\">Seit dem 01. Juli 2015\u00a0f\u00fchrt\u00a0Frau Dr. med. Petra Schirdewahn die<br \/>\n<strong>&#8222;Kardiologische Praxis Dr. Petra Schirdewahn&#8220;<br \/>\n<\/strong>in den Ihnen bekannten R\u00e4umen am Schillerplatz 12 in Salzatal, OT Schiepzig, als erfolgreiche Einzelpraxis.<\/li>\n<\/ul>\n<p style=\"text-align: center;\">Bitte beachten Sie die folgenden neuen Kontaktdaten:<\/p>\n<p style=\"text-align: center;\">Tel.: 034609 &#8211; 149229<br \/>\nFax:\u00a0032224 &#8211; 126 984<br \/>\nSMS: 0170-2179912<\/p>\n<p style=\"text-align: center;\"><a href=\"http:\/\/www.kardiologie-saalkreis.de\/?page_id=385\"><img loading=\"lazy\" decoding=\"async\" class=\"alignleft size-medium wp-image-707\" src=\"http:\/\/www.kardiologie-saalkreis.de\/wp-content\/uploads\/2014\/05\/icon-300x300.jpg\" alt=\"icon\" width=\"300\" height=\"300\" srcset=\"https:\/\/www.kardiologie-saalkreis.de\/wp-content\/uploads\/2014\/05\/icon-300x300.jpg 300w, https:\/\/www.kardiologie-saalkreis.de\/wp-content\/uploads\/2014\/05\/icon-150x150.jpg 150w, https:\/\/www.kardiologie-saalkreis.de\/wp-content\/uploads\/2014\/05\/icon.jpg 596w\" sizes=\"(max-width: 300px) 100vw, 300px\" \/><\/a><\/p>\n","protected":false},"excerpt":{"rendered":"<p>Fach\u00e4rztin f\u00fcr Innere Medizin mit der Gebietsbezeichnung Kardiologie Berufliche Entwicklung: 1989-1996: Facharztausbildung zur Fach\u00e4rztin f\u00fcr Innere Medizin an der Universit\u00e4t Leipzig 1998: Gebietsbezeichnung Kardiologie Universit\u00e4t Leipzig 1992: Promotion 1998-2000: Ober\u00e4rztin der Klinik f\u00fcr Kardiologie im Herzzentrum Coswig 2000-2004: Ober\u00e4rztin der Abteilung Rhythmologie im Herzzentrum Leipzig seit 2004: Niedergelassene Kardiologin in der Gemeinschaftspraxis Saalekreis Dezember 2013 [&hellip;]<\/p>\n","protected":false},"author":1,"featured_media":113,"parent":12,"menu_order":1,"comment_status":"closed","ping_status":"closed","template":"page-templates\/full-width.php","meta":{"footnotes":""},"_links":{"self":[{"href":"https:\/\/www.kardiologie-saalkreis.de\/index.php?rest_route=\/wp\/v2\/pages\/65"}],"collection":[{"href":"https:\/\/www.kardiologie-saalkreis.de\/index.php?rest_route=\/wp\/v2\/pages"}],"about":[{"href":"https:\/\/www.kardiologie-saalkreis.de\/index.php?rest_route=\/wp\/v2\/types\/page"}],"author":[{"embeddable":true,"href":"https:\/\/www.kardiologie-saalkreis.de\/index.php?rest_route=\/wp\/v2\/users\/1"}],"replies":[{"embeddable":true,"href":"https:\/\/www.kardiologie-saalkreis.de\/index.php?rest_route=%2Fwp%2Fv2%2Fcomments&post=65"}],"version-history":[{"count":12,"href":"https:\/\/www.kardiologie-saalkreis.de\/index.php?rest_route=\/wp\/v2\/pages\/65\/revisions"}],"predecessor-version":[{"id":2702,"href":"https:\/\/www.kardiologie-saalkreis.de\/index.php?rest_route=\/wp\/v2\/pages\/65\/revisions\/2702"}],"up":[{"embeddable":true,"href":"https:\/\/www.kardiologie-saalkreis.de\/index.php?rest_route=\/wp\/v2\/pages\/12"}],"wp:featuredmedia":[{"embeddable":true,"href":"https:\/\/www.kardiologie-saalkreis.de\/index.php?rest_route=\/wp\/v2\/media\/113"}],"wp:attachment":[{"href":"https:\/\/www.kardiologie-saalkreis.de\/index.php?rest_route=%2Fwp%2Fv2%2Fmedia&parent=65"}],"curies":[{"name":"wp","href":"https:\/\/api.w.org\/{rel}","templated":true}]}}