{"id":86,"date":"2013-10-06T10:21:36","date_gmt":"2013-10-06T08:21:36","guid":{"rendered":"http:\/\/localhost\/projects\/wordpress\/?page_id=86"},"modified":"2021-01-06T18:42:33","modified_gmt":"2021-01-06T16:42:33","slug":"informationen-zur-rhythmologie","status":"publish","type":"page","link":"https:\/\/www.kardiologie-saalkreis.de\/?page_id=86","title":{"rendered":"Informationen zur Rhythmologie"},"content":{"rendered":"<h2>&#8222;Herz aus dem Takt&#8220;<\/h2>\n<p>Herzrasen oder unangenehmes Herzstolpern f\u00fchren oft zu gro\u00dfer Verunsicherung. Die Herzanf\u00e4lle treten meist ohne Vorwarnung auf, und es dauert\u00a0nicht selten l\u00e4ngere Zeit bis die Diagnose klar ist.<br \/>\nIm Buch werden Herzrhythmusst\u00f6rungen mit ihren unterschiedlichen Symptomen\u00a0sehr detailliert und verst\u00e4ndlich erkl\u00e4rt, wobei das Vorhofflimmern\u00a0einen zentralen Platz einnimmt. Weit mehr als eine Million Menschen in\u00a0Deutschland sind davon betroffen. Viele Fallbeispiele zu den unterschiedlichen\u00a0Formen von Herzrasen und Herzstolpern schildern sehr anschaulich\u00a0die Symptome und die m\u00f6glichen Behandlungswege, die neben sehr modernen\u00a0und komplexen Verfahren auch den psychosomatischen Aspekt\u00a0nicht au\u00dfer Acht lassen.<\/p>\n<p>\u201eHerz aus dem Takt\u201c versucht, sehr anschaulich fundiertes \u00e4rztliches Wissen\u00a0\u00fcber Herzrhythmusst\u00f6rungen \u201ealltagstauglich\u201c zu vermitteln, so dass\u00a0es auch f\u00fcr den interessierten \u201eNichtspezialisten\u201c erfassbar und hilfreich\u00a0sein kann. Das Buch wendet sich an Betroffene, die ihre Erkrankung und\u00a0deren aktuelle Therapie verstehen m\u00f6chten. Viele Abbildungen unterst\u00fctzen\u00a0das Verstehen beim Lesen und lustige Illustrationen machen das Lesen\u00a0vergn\u00fcglich.<\/p>\n<p style=\"text-align: center;\"><a href=\"http:\/\/www.kardiologie-saalkreis.de\/?page_id=385\"><img loading=\"lazy\" decoding=\"async\" class=\"size-medium wp-image-707\" src=\"http:\/\/www.kardiologie-saalkreis.de\/wp-content\/uploads\/2014\/05\/icon-300x300.jpg\" alt=\"icon\" width=\"300\" height=\"300\" srcset=\"https:\/\/www.kardiologie-saalkreis.de\/wp-content\/uploads\/2014\/05\/icon-300x300.jpg 300w, https:\/\/www.kardiologie-saalkreis.de\/wp-content\/uploads\/2014\/05\/icon-150x150.jpg 150w, https:\/\/www.kardiologie-saalkreis.de\/wp-content\/uploads\/2014\/05\/icon.jpg 596w\" sizes=\"(max-width: 300px) 100vw, 300px\" \/><\/a><\/p>\n<h2>EPU -Elektrophysiologische Untersuchung<\/h2>\n<div id=\"target-id69f1e457d9f82\" class=\"collapseomatic_content \">Ziel dieser Untersuchung ist es, die Herzrhythmusst\u00f6rung zu diagnostizieren und ihren Mechanismus zu analysieren. Im Ergebnis wird ein Behandlungskonzept erstellt, das entweder eine medikament\u00f6se Behandlung oder gezielte Eingriffe am erkrankten Gewebe vorsieht. In vielen F\u00e4llen erfolgt eine Katheterablation direkt im Anschluss.<\/p>\n<p>Die Untersuchung dauert etwa 1 Stunde und die Patienten sp\u00fcren davon in aller Regel kaum etwas. Auf Wunsch kann ein Schlafmittel verabreicht werden, das allerdings bewirken kann, dass die Rhythmusst\u00f6rungen schwieriger induzierbar sind. In diesem Fall ist &#8222;Lampenfieber&#8220; sogar g\u00fcnstig.<\/p>\n<p style=\"text-align: left;\">Die Rhythmusst\u00f6rung wird dabei durch die Auswertung der EKG-Aufzeichnungen direkt aus dem Herzen am Computer analysiert. In vielen F\u00e4llen erfolgt direkt im Anschluss die Behandlung der Rhythmusst\u00f6rung mittels gezielter Verschorfung (Katheterablation \/ Ver\u00f6dung&#8230;) \u00fcber einen exakt im Herzen platzierten Elektrodenkatheter (Tastkatheter).<a href=\"http:\/\/www.kardiologie-saalkreis.de\/wp-content\/uploads\/2013\/10\/epu_detail.png\"><img loading=\"lazy\" decoding=\"async\" class=\"size-full wp-image-116 aligncenter\" src=\"http:\/\/www.kardiologie-saalkreis.de\/wp-content\/uploads\/2013\/10\/epu_detail.png\" alt=\"epu_detail\" width=\"405\" height=\"165\" srcset=\"https:\/\/www.kardiologie-saalkreis.de\/wp-content\/uploads\/2013\/10\/epu_detail.png 405w, https:\/\/www.kardiologie-saalkreis.de\/wp-content\/uploads\/2013\/10\/epu_detail-300x122.png 300w\" sizes=\"(max-width: 405px) 100vw, 405px\" \/><\/a><\/p>\n<p>Die Abbildung zeigt ein Modell des Herzens mit dem Ort, in dem der elektrische Takt -die Herzerregung- entsteht: der Sinusknoten. Die anderen gr\u00fcnen Strukturen und Leitungsbahnenen sind die Erregungsleitungsstrukturen. Hier wird der Impuls vom Taktgeber Sinusknoten bis zur Herzmuskulatur geleitet. Das dauert in Ruhe ca. 1 Sekunde. Die Herzfrequenz und die entsprechende Leitung kann aber in speziellen Situationen sehr viel schneller ablaufen. Ersatzweise k\u00f6nnen alle diese Strukturen auch selbst einen Takt angeben. Dieser ist dann allerdings meist deutlich langsamer als der &#8222;Dirigent Sinusknoten&#8220; und vor allem nicht mehr so verl\u00e4sslich, je weiter die Struktur vom Sinusknoten entfernt ist.<\/div><span class=\"collapseomatic \" id=\"id69f1e457d9f82\"  tabindex=\"0\" title=\"F\u00fcr Informationen klicken Sie bitte hier\"    >F\u00fcr Informationen klicken Sie bitte hier<\/span><span id='swap-id69f1e457d9f82'  class='colomat-swap' style='display:none;'>Schlie\u00dfen<\/span>\n<h2>Katheterablation<\/h2>\n<div id=\"target-id69f1e457da061\" class=\"collapseomatic_content \">Bei der Katheterablation werden die Elektroden-(Katheter) nach Punktion der Venen (und ggf. einer Arterie) in den Leisten an verschiedene Punkte in der Herzvorkammer und Herzhauptkammer vorgef\u00fchrt. Zun\u00e4chst erfolgt eine elektrophysiologische Untersuchung mit dem Ziel das Herzrasen zu induzieren. Dieses Verfahren ist ungef\u00e4hrlich. Sie werden in dieser Zeit vollst\u00e4ndig \u00fcberwacht. Das Herzrasen kann jederzeit und sehr schnell mit elektrischen Stimulationsimpulsen wieder beendet werden. Manchmal werden auch Medikamente verabreicht, selten ist eine Kardioversion n\u00f6tig. Die Verschorfung\/ Ablation der Herzrhythmusst\u00f6rungen ist meist schmerzfrei. Auf Wunsch erhalten Sie ein Schmerzmittel.<br \/>\nDurch Anwendung von Hochfrequenzstrom kommt es f\u00fcr ca. 90 Sek. zur Erw\u00e4rmung des Herzmuskelgewebes auf ca. 55-70 Grad Celsius. Dadurch wird eine Ver\u00f6dung mit Bildung einer kleinen Narbe (Durchmesser 2-3 mm) erzielt.<br \/>\nZiel der Katheterablation ist, dass nach der gezielten Ablation von Herzmuskelgewebe die Herzrhythmusst\u00f6rung nicht mehr ausl\u00f6sbar ist und damit bei Ihnen nie wieder auftritt. Eine Wiederholung der Behandlung ist in der Regel m\u00f6glich.<\/div><span class=\"collapseomatic \" id=\"id69f1e457da061\"  tabindex=\"0\" title=\"F\u00fcr Informationen klicken Sie bitte hier\"    >F\u00fcr Informationen klicken Sie bitte hier<\/span><span id='swap-id69f1e457da061'  class='colomat-swap' style='display:none;'>Schlie\u00dfen<\/span>\n<h2>AVNRT &#8211; AV-Reentry-Tachykardie<\/h2>\n<div id=\"target-id69f1e457da0be\" class=\"collapseomatic_content \">Der sogenannte AV-Knoten liegt in der Scheidewand zwischen rechter und linker Herzvorkammer und dient der \u00dcberleitung der elektrischen Impulse des Sinusknotens (Taktgeber des Herzens) von den Vorh\u00f6fen in die Herzkammern.<br \/>\nEine AV-Reentry -Tachykardie bezeichnet das regelm\u00e4\u00dfige Kreisen der Erregung im AV-Knoten selbst. Hierbei kann es je nach Alter der Patienten oft zu einem sehr schnellen Puls kommen. In der Regel steigt dabei die Herzfrequenz pl\u00f6tzlich ohne Vorank\u00fcndigung auf 150 &#8211; 200\/min. Eine Beendigung des Herzrasens gelingt oft durch Pressen, Luftanhalten, Trinken von kaltem Wasser oder \u00e4hnliche Ma\u00dfnahmen. Die Tachykardie h\u00f6rt dann genauso pl\u00f6tzlich auf, wie sie begonnen hat. Das wird h\u00e4ufig auch als sogenanntes Lichtschalterph\u00e4nomen bezeichnet.<br \/>\nUrsache f\u00fcr diese meist harmlose aber st\u00f6rende Form der Herzrhythmusst\u00f6rung ist eine sog. doppelte Anlage von Erregungsleitungen im AV-Knoten selbst, die bei vielen Menschen vorliegt, ohne Symptome hervorzurufen. Bei einigen Patienten kann es aber aufgrund besonderer Eigenschaften dieser Leitung, ausgel\u00f6st durch einzelne Extraschl\u00e4ge, zu einer Initiierung dieser kreisenden Erregung kommen. Wenn die Anf\u00e4lle h\u00e4ufiger werden, oder zu starken Symptomen f\u00fchren, ist die Katheterablation erforderlich. Dabei wird die Herzrhythmusst\u00f6rung durch eine gezielte Ver\u00e4nderung der Leitungseigenschaften des AV-Knotens endg\u00fcltig beseitigt. Eine weitere medikament\u00f6se Therapie ist nicht mehr n\u00f6tig. Die Erfolgsquote dieser Behandlung liegt bei fast 100%. Das Risiko, dass es bei der Stromanwendung zu einer bleibenden Sch\u00e4digung des AV-Knotens kommt und ggf. eine Schrittmacherimplantation notwendig ist liegt bei unter 1%.<\/p>\n<p style=\"text-align: center;\"><a href=\"http:\/\/www.kardiologie-saalkreis.de\/wp-content\/uploads\/2013\/10\/avnrt.png\"><img loading=\"lazy\" decoding=\"async\" class=\"alignnone size-full wp-image-110\" src=\"http:\/\/www.kardiologie-saalkreis.de\/wp-content\/uploads\/2013\/10\/avnrt.png\" alt=\"avnrt\" width=\"386\" height=\"48\" srcset=\"https:\/\/www.kardiologie-saalkreis.de\/wp-content\/uploads\/2013\/10\/avnrt.png 386w, https:\/\/www.kardiologie-saalkreis.de\/wp-content\/uploads\/2013\/10\/avnrt-300x37.png 300w\" sizes=\"(max-width: 386px) 100vw, 386px\" \/><\/a><\/p>\n<\/div><span class=\"collapseomatic \" id=\"id69f1e457da0be\"  tabindex=\"0\" title=\"F\u00fcr Informationen klicken Sie bitte hier\"    >F\u00fcr Informationen klicken Sie bitte hier<\/span><span id='swap-id69f1e457da0be'  class='colomat-swap' style='display:none;'>Schlie\u00dfen<\/span>\n<h2>WPW-Syndrom &#8211; AV-Reentry-Tachykardien<\/h2>\n<div id=\"target-id69f1e457da10b\" class=\"collapseomatic_content \">Bei einer Av-Reentry-Tachykardie oder einem sog. WPW-Syndrom existiert eine \u00fcberfl\u00fcssige, angeborene Leitungsbahn zwischen Vorkammer und Hauptkammer. Diese erm\u00f6glicht eine Erregung der Herzkammern oder auch umgekehrt der Vorh\u00f6fe im Nebenschluss, vorbei an der normalen \u00dcberleitung \u00fcber den sogenannten AV-Knoten. Das hei\u00dft, die Erregung der Herzkammern erfolgt doppelt, einmal \u00fcber die elektrische Extraverbindung und einmal \u00fcber die normale elektrische Verbindung. Dabei kann es in unterschiedlicher H\u00e4ufigkeit zu einem Kreisen der Erregung zwischen der normalen Erregungsleitung und der zus\u00e4tzlichen Bahn kommen.<br \/>\nDas Herzrasen beginnt v\u00f6llig unerwartet und endet ebenso pl\u00f6tzlich wieder. Oft kommt es dabei zu Symptomen wie z. B. Atemnot, heftigen Angstzust\u00e4nden, selten auch zur Bewusstlosigkeit. Eine Kombination von WPW-Syndrom und Vorhofflimmern kann in sehr seltenen F\u00e4llen sogar lebensbedrohlich sein. Aus diesem Grund ist eine dauerhafte Beseitigung der zus\u00e4tzlichen Leitungsbahn ratsam.<br \/>\nBei dieser Katheterablation wird dann die zus\u00e4tzliche, nicht notwendige Leitungsbahn ver\u00f6det, um damit das Herzrasen endg\u00fcltig zu behandeln. Hierbei wird oft die zus\u00e4tzliche Punktion der Arterie in der Leistenregion vorgenommen, da viele zus\u00e4tzliche Leitungsbahnen auf der linken (arteriellen) Herzseite, an der Mitralklappe, liegen. Die Alternative zur Punktion ist die Punktion der Herzscheidewand zwischen den beiden Vorh\u00f6fen (transseptale Punktion) . In ge\u00fcbter Hand eine sichere Prozedur. Die Erfolgsaussicht dieser Behandlung liegt bei \u00fcber 90%.<\/p>\n<p><a href=\"http:\/\/www.kardiologie-saalkreis.de\/wp-content\/uploads\/2013\/10\/wpw.png\"><img loading=\"lazy\" decoding=\"async\" class=\"alignnone size-full wp-image-121\" src=\"http:\/\/www.kardiologie-saalkreis.de\/wp-content\/uploads\/2013\/10\/wpw.png\" alt=\"wpw\" width=\"138\" height=\"48\" \/><\/a><br \/>\nDiese Abbildung zeigt die sogenannte &#8222;Delta-Welle&#8220;. Das ist der &#8222;Kleine Buckel&#8220; zu Beginn der gro\u00dfen Kammererregung.<\/div><span class=\"collapseomatic \" id=\"id69f1e457da10b\"  tabindex=\"0\" title=\"F\u00fcr Informationen klicken Sie bitte hier\"    >F\u00fcr Informationen klicken Sie bitte hier<\/span><span id='swap-id69f1e457da10b'  class='colomat-swap' style='display:none;'>Schlie\u00dfen<\/span>\n<h2>Vorhofflattern<\/h2>\n<div id=\"target-id69f1e457da146\" class=\"collapseomatic_content \">Das typische Vorhofflattern bezeichnet eine Herzrhythmusst\u00f6rung, bei der es zu einer kreisenden Erregung im rechten Vorhof kommt. Sie ist im 12-Kanal-EKG gut erkennbar und kann durch eine gezielte Ver\u00f6dung f\u00fcr immer beseitigt werden.<br \/>\nDie Katheterablation von Vorhofflattern ist manchmal etwas schmerzhaft, deshalb erhalten Sie in der Regel ein hochwirksames Schmerzmittel.<br \/>\nDie Erfolgsaussicht liegt bei 90%. Auch nach erfolgreicher Ablation kann das Herzrasen wieder auftreten &#8211; dann vielleicht in einem neuen &#8222;Gewand&#8220; als Vorhofflimmern oder untypisches Vorhofflattern. Der Grund daf\u00fcr ist, dass die Herzerkrankung oft fortschreitet und auch der linke Vorhof beteiligt ist. Diese Rhythmusst\u00f6rungen werden dann entweder medikament\u00f6s und \/ oder mit dem Katheter behandelt.<br \/>\nWegen des hohen Risikos der Bildung von Blutgerinnseln, die einen Schlaganfall ausl\u00f6sen k\u00f6nnten, ist bei all diesen Formen von Herzrhythmusst\u00f6rungen eine medikament\u00f6se Blutverd\u00fcnnung \u00fcber einen langen Zeitraum \u2013 meist sogar lebenslang &#8211; notwendig.<\/p>\n<p><a href=\"http:\/\/www.kardiologie-saalkreis.de\/wp-content\/uploads\/2013\/10\/vorhofflattern.png\"><img loading=\"lazy\" decoding=\"async\" class=\"alignnone size-full wp-image-120\" src=\"http:\/\/www.kardiologie-saalkreis.de\/wp-content\/uploads\/2013\/10\/vorhofflattern.png\" alt=\"vorhofflattern\" width=\"196\" height=\"48\" \/><\/a><br \/>\nDie Abbildung zeigt typisches Vorhofflattern. Zwischen den gro\u00dfen Zacken, den sog. QRS-Komplexen, sehen Sie die typischen &#8220; s\u00e4gezahnf\u00f6rmigen Flatterwellen&#8220;. Jeder S\u00e4gezahn entspricht einem Erregungskreis im rechten Vorhof, der 200 &#8211; 300 ms dauert. Hier wird nach jedem zweiten &#8222;Kreis&#8220; im Vorhof einmal die Herkammer erregt. Das wird als 2:1 \u00dcberleitung bezeichnet. Die Pulsfrequenz betr\u00e4gt hier ca. 100 &#8211; 140\/ min. Auff\u00e4llig ist, dass sie dabei kaum schwankt. Das hei\u00dft, dass das Herz oft stundenlang mit dem selben Tempo schl\u00e4gt.<\/div><span class=\"collapseomatic \" id=\"id69f1e457da146\"  tabindex=\"0\" title=\"F\u00fcr Informationen klicken Sie bitte hier\"    >F\u00fcr Informationen klicken Sie bitte hier<\/span><span id='swap-id69f1e457da146'  class='colomat-swap' style='display:none;'>Schlie\u00dfen<\/span>\n<h2>Vorhoftachykardien<\/h2>\n<div id=\"target-id69f1e457da184\" class=\"collapseomatic_content \">Als Vorhoftachykardien (atriale Tachykardien) bezeichnet man das Herzrasen aus dem Vorhof. Hierbei handelt es sich um eine regelm\u00e4\u00dfige Rhythmusst\u00f6rung, die meist durch sog. \u201cFehlz\u00fcndkerzen\u201d im rechten oder linken Vorhof ausgel\u00f6st wird.Dieser \u201cfalsche\u201d Taktgeber f\u00fchrt zu extrem schnellen Frequenzen im Vorhof, die das Herzrasen ausl\u00f6sen.<\/p>\n<p>Eine Katheterablation ist auch bei diesen Rhythmusst\u00f6rungen nach vorheriger ausf\u00fchrlicher Diagnostik (EPU) m\u00f6glich. Hierbei liegt die Erfolgsquote je nach Lage der \u201cFehlz\u00fcndkerze\u201d zwischen 60% und 90%.<\/div><span class=\"collapseomatic \" id=\"id69f1e457da184\"  tabindex=\"0\" title=\"F\u00fcr Informationen klicken Sie bitte hier\"    >F\u00fcr Informationen klicken Sie bitte hier<\/span><span id='swap-id69f1e457da184'  class='colomat-swap' style='display:none;'>Schlie\u00dfen<\/span>\n<h2>Kammertachykardien<\/h2>\n<div id=\"target-id69f1e457da1ca\" class=\"collapseomatic_content \">Kammertachykardien sind Herzrhythmusst\u00f6rungen, die in der rechten oder linken Herzkammer meist nach der Ausbildung einer Narbe nach einem Herzinfarkt entstehen. Bei Kammertachykardien \u201everirren\u201c sich Erregungen in einem Labyrinth aus Narbe und noch gesundem Herzmuskel. So kommt es zu schnellen Erregungskreisen. Hier ist die Katheterablation in einigen F\u00e4llen sinnvoll und m\u00f6glich. Oft kommen zun\u00e4chst andere Verfahren, wie z. B. die Implantation eines Defibrilators in Betracht. Die wichtigste Ma\u00dfnahme, um diesen lebensbedrohlichen Herzrhythmusst\u00f6rungen vorzubeugen, bleibt jedoch die sofortige Behandlung des Herzinfarktes durch die Wiederer\u00f6ffnung des verschlossenen Herzkranzgef\u00e4\u00dfes.<br \/>\nEs gibt auch Formen von Kammertachykardien bei Patienten, die sonst keinerlei Herzerkrankungen haben. Hier ist eine Katheterablation oft m\u00f6glich und sollte bei entsprechenden Symptomen (Herzrasen, Herzklopfen, Atemnot) versucht werden.<br \/>\nDie Erfolgsaussicht bei der Katheterablation von Kammertachykardien betr\u00e4gt bei geeigneten Patienten zwischen 50 und 80%.<\/div><span class=\"collapseomatic \" id=\"id69f1e457da1ca\"  tabindex=\"0\" title=\"F\u00fcr Informationen klicken Sie bitte hier\"    >F\u00fcr Informationen klicken Sie bitte hier<\/span><span id='swap-id69f1e457da1ca'  class='colomat-swap' style='display:none;'>Schlie\u00dfen<\/span>\n<h2>Vorhofflimmern<\/h2>\n<div id=\"target-id69f1e457da20e\" class=\"collapseomatic_content \">Vorhofflimmern ist eine unregelm\u00e4\u00dfige Herzrhythmusst\u00f6rung, oft verbunden mit Herzrasen, unangenehmem Herzklopfen, Schwindelgef\u00fchl oder Leistungsschw\u00e4che. Die Ursachen k\u00f6nnen nicht immer gekl\u00e4rt werden. Bewiesen ist, dass hoher Blutdruck der gr\u00f6\u00dfte Risikofaktor ist. Weitere Ursachen sind Schilddr\u00fcsen\u00fcberfunktion, Diabetes mellitus, Bewegungsmangel (aber auch Hochleistungssport!), das Schlaf-Apnoe-Syndrom (n\u00e4chtliches Schnarchen mit Atemstillst\u00e4nden), Alkohol und Stoffwechselerkrankungen aufgrund von \u00dcbergewicht. Beim \u00dcbergewicht spielt das Bauchfett die entscheidende Rolle.<\/p>\n<p>Mit einer gesunden Lebensf\u00fchrung kann also schon viel gegen die Entstehung von Vorhofflimmern getan werden. Oft gibt es jedoch auch eine genetische Veranlagung, weshalb auch sonst gesunde und junge Patienten betroffen sein k\u00f6nnen.<br \/>\nAm Anfang der Erkrankung sp\u00fcrt man h\u00e4ufig kurze Phasen von unregelm\u00e4\u00dfigem Herzrasen, die nur wenige Sekunden anhalten. Sp\u00e4ter werden die Episoden h\u00e4ufiger und l\u00e4nger. Dann kommen Atemnot und eine Einschr\u00e4nkung der Belastbarkeit dazu. In vielen F\u00e4llen sp\u00fcren die Patienten aber auch gar nichts.<\/p>\n<p>Das Vorhofflimmern ist solange relativ harmlos, wie keine Begleiterkrankungen (hoher Blutdruck, Diabetes mellitus, eine koronare Herzkrankheit oder andere arteriosklerotische Gef\u00e4\u00dfleiden, etwas fortgeschritteneres Alter (&gt; 65 Jahre), eine Herzschw\u00e4che oder ein Schlaganfall) dazukommen. Sind diese Risikofaktoren vorhanden, ist ein (erneuter) Schlaganfall in den n\u00e4chsten Jahren relativ wahrscheinlich. In diesem Fall werden Gerinnsel aus dem Vorhof ins Gehirn (oder in andere Organe, wie z.B. Arm, Bein, Darm&#8230;.) geschw\u00e4mmt und verstopfen dort wichtige Blutgef\u00e4\u00dfe.<\/p>\n<p>Die Gerinnsel im Vorhof bilden sich im sog. Vorhofohr. Das ist eine individuell unterschiedlich gro\u00dfe Ausst\u00fclpung des linken Vorhofes. Das Blut steht w\u00e4hrend des Vorhofflimmerns quasi still. Es verklumpt \/ gerinnt deshalb gerade im Vorhofohr, weil das Vorhofohr bei der F\u00fcllung der Herzkammern nicht so wie der Rest des Vorhofes entleert wird. Es verbleibt also immer ein Teil des Blutes dort und kann deshalb gerinnen\/ verklumpen. Entsprechend wichtig ist eine rechtzeitige medikament\u00f6se Blutverd\u00fcnnung. Sogenannte Antikoagulantien (Blutverd\u00fcnner) sind die Vitamin K-Antagonisten Marcumar und Falithrom, Pradaxa (Dabigatran) \u2013 ein Thrombinhemmer, Xarelto (Rivaroxaban) und Eliquis (Apixaban) das sind beides sog. Faktor Xa-Hemmer und das bekannte Heparin. Das so &#8222;k\u00fcnstlich fl\u00fcssiger gemachte&#8220; Blut kann kaum noch verklumpen und Schlaganf\u00e4lle ausl\u00f6sen.<\/p>\n<p>Da Ihnen keiner ansieht, dass Sie Blutverd\u00fcnner einnehmen, ist es sehr wichtig, ja sogar mitunter lebensrettend, den entsprechenden Ausweis immer dabei zu haben und die behandelnden \u00c4rzte darauf hinzuweisen. Die neuen Blutverd\u00fcnner (Pradaxa, Xarelto und Eliquis) sind sicher und sehr praktisch in der Anwendung. F\u00fcr eine OP reicht meist eine kurzfristige (in der Regel ein bis zwei Tage) Einnahmepause.<\/p>\n<p>Bei der Diagnose Vorhofflimmern werden einige Untersuchungen durchgef\u00fchrt. Der Kardiologe macht einen Herzultraschall, oft einen Belastungstest und nicht selten eine Herzkatheteruntersuchung, um m\u00f6gliche begleitende Herzerkrankungen (wie Herzklappenfehler oder eine koronare Herzerkrankung) optimal mit zu behandeln. Die medikament\u00f6se Einstellung des Bluthochdruckes mit modernen Medikamenten (ACE-Hemmer, Sartane, Betablocker oder Kalziumantagonisten) ist eine der wesentlichsten Grundvoraussetzung bei der effektiven Behandlung von Vorhofflimmern. Begleiterkrankungen wie Diabetes mellitus, Adipositas, Nieren- und Lungenerkrankungen (z.B. Schlaf-Apnoe-Syndrom) m\u00fcssen optimal behandelt sein. Nicht zuletzt ist die Lebensf\u00fchrung wichtig: Ausdauersport, ein gutes Stressmanagement und ein kontrollierter Umgang mit Alkohol helfen bei vielen Patienten, das Vorhofflimmern zu mildern und vielleicht &#8222;im Keim zu ersticken&#8220;.<br \/>\nEine gezielte Behandlung von Vorhofflimmern ist erforderlich, wenn die Symptome durch o.g. Ma\u00dfnahmen nicht kontrolliert werden k\u00f6nnen. In der Regel erfolgt dann eine medikament\u00f6se Behandlung mit einem sogenannten Antiarrhythmikum, die gewissenhaft vom Hausarzt und vom Kardiologen \u00fcberwacht wird.<\/p>\n<p>Bei Vorhofflimmern ist seit einigen Jahren eine gezielte Behandlung der Rhythmusst\u00f6rung im Katheterlabor m\u00f6glich. Diese Katheterablationsverfahren sind erfolgversprechend. Die Erfolgschancen nach dem ersten Eingriff liegen aktuell bei ca. 70%. Bei ca. 1\/4 der Patienten sind erneute Eingriffe erforderlich, um das Vorhofflimmern dann bei ca. 90% der Patienten dauerhaft zu beseitigen. Zur Ablation werden verschiedene Techniken genutzt, weil die Art des Vorhofflimmerns bei jedem Patienten anders ist. Bei der Auswahl der Technik spielen die zugrundeliegende Herzerkrankung, die Dauer und H\u00e4ufigkeit des Vorhofflimmerns und Begleiterkrankungen eine Rolle. Wir arbeiten mit der Ballontechnik (Kryoablation) und mit der Hochfrequenztechnik (CARTO-Mapping). Der Eingriff ist komplex und dauert ca. 2 Stunden. Der gesamte Klinikaufenthalt dauert drei bis vier Tage.<br \/>\nDie dauerhafte und komplette Zerst\u00f6rung des sog. AV-Knotens, die zur Abh\u00e4ngigkeit vom Herzschrittmacher f\u00fchrt, wird kaum noch durchgef\u00fchrt.<\/p>\n<p>Aufkl\u00e4rung zur Ablation von Vorhofflimmern<br \/>\nHinweise zur Nachbetreuung von Patienten nach Pulmonalvenenablation Kathetherablation von Vorhofflimmern (Aufkl\u00e4rung f\u00fcr Patienten)<\/p>\n<p>Sollten Sie noch keinen Adobe Reader haben, k\u00f6nnen Sie ihn hier herunterladen.<\/div><span class=\"collapseomatic \" id=\"id69f1e457da20e\"  tabindex=\"0\" title=\"F\u00fcr Informationen klicken Sie bitte hier\"    >F\u00fcr Informationen klicken Sie bitte hier<\/span><span id='swap-id69f1e457da20e'  class='colomat-swap' style='display:none;'>Schlie\u00dfen<\/span>\n","protected":false},"excerpt":{"rendered":"<p>&#8222;Herz aus dem Takt&#8220; Herzrasen oder unangenehmes Herzstolpern f\u00fchren oft zu gro\u00dfer Verunsicherung. Die Herzanf\u00e4lle treten meist ohne Vorwarnung auf, und es dauert\u00a0nicht selten l\u00e4ngere Zeit bis die Diagnose klar ist. Im Buch werden Herzrhythmusst\u00f6rungen mit ihren unterschiedlichen Symptomen\u00a0sehr detailliert und verst\u00e4ndlich erkl\u00e4rt, wobei das Vorhofflimmern\u00a0einen zentralen Platz einnimmt. Weit mehr als eine Million Menschen [&hellip;]<\/p>\n","protected":false},"author":1,"featured_media":970,"parent":15,"menu_order":3,"comment_status":"closed","ping_status":"closed","template":"page-templates\/full-width.php","meta":{"footnotes":""},"_links":{"self":[{"href":"https:\/\/www.kardiologie-saalkreis.de\/index.php?rest_route=\/wp\/v2\/pages\/86"}],"collection":[{"href":"https:\/\/www.kardiologie-saalkreis.de\/index.php?rest_route=\/wp\/v2\/pages"}],"about":[{"href":"https:\/\/www.kardiologie-saalkreis.de\/index.php?rest_route=\/wp\/v2\/types\/page"}],"author":[{"embeddable":true,"href":"https:\/\/www.kardiologie-saalkreis.de\/index.php?rest_route=\/wp\/v2\/users\/1"}],"replies":[{"embeddable":true,"href":"https:\/\/www.kardiologie-saalkreis.de\/index.php?rest_route=%2Fwp%2Fv2%2Fcomments&post=86"}],"version-history":[{"count":26,"href":"https:\/\/www.kardiologie-saalkreis.de\/index.php?rest_route=\/wp\/v2\/pages\/86\/revisions"}],"predecessor-version":[{"id":1705,"href":"https:\/\/www.kardiologie-saalkreis.de\/index.php?rest_route=\/wp\/v2\/pages\/86\/revisions\/1705"}],"up":[{"embeddable":true,"href":"https:\/\/www.kardiologie-saalkreis.de\/index.php?rest_route=\/wp\/v2\/pages\/15"}],"wp:featuredmedia":[{"embeddable":true,"href":"https:\/\/www.kardiologie-saalkreis.de\/index.php?rest_route=\/wp\/v2\/media\/970"}],"wp:attachment":[{"href":"https:\/\/www.kardiologie-saalkreis.de\/index.php?rest_route=%2Fwp%2Fv2%2Fmedia&parent=86"}],"curies":[{"name":"wp","href":"https:\/\/api.w.org\/{rel}","templated":true}]}}